{"id":132,"date":"2022-07-19T03:30:40","date_gmt":"2022-07-19T03:30:40","guid":{"rendered":"https:\/\/www.donorlandoweb.pro\/ponceleon\/?post_type=product&#038;p=132"},"modified":"2022-07-20T04:32:19","modified_gmt":"2022-07-20T04:32:19","slug":"crema-depilar","status":"publish","type":"product","link":"https:\/\/tupaginalista.com\/ponceleon\/producto\/crema-depilar\/","title":{"rendered":"Crema depilar"},"content":{"rendered":"<p>Hay muchas variaciones de los pasajes de Lorem Ipsum disponibles, pero la mayor\u00eda sufri\u00f3 alteraciones en alguna manera, ya sea porque se le agreg\u00f3 humor, o palabras aleatorias que no parecen ni un poco cre\u00edbles.<\/p>\n","protected":false},"excerpt":{"rendered":"<p>Hay muchas variaciones de los pasajes de Lorem Ipsum disponibles, pero la mayor\u00eda sufri\u00f3 alteraciones en alguna manera, ya sea porque se le agreg\u00f3 humor, o palabras aleatorias que no parecen ni un poco cre\u00edbles.<\/p>\n","protected":false},"featured_media":152,"comment_status":"open","ping_status":"closed","template":"","meta":{"_et_pb_use_builder":"on","_et_pb_old_content":"Hay muchas variaciones de los pasajes de Lorem Ipsum disponibles, pero la mayor\u00eda sufri\u00f3 alteraciones en alguna manera, ya sea porque se le agreg\u00f3 humor, o palabras aleatorias que no parecen ni un poco cre\u00edbles.","_et_gb_content_width":""},"product_cat":[20],"product_tag":[],"class_list":{"0":"post-132","1":"product","2":"type-product","3":"status-publish","4":"has-post-thumbnail","6":"product_cat-cremas","8":"first","9":"instock","10":"shipping-taxable","11":"purchasable","12":"product-type-simple"},"_links":{"self":[{"href":"https:\/\/tupaginalista.com\/ponceleon\/wp-json\/wp\/v2\/product\/132","targetHints":{"allow":["GET"]}}],"collection":[{"href":"https:\/\/tupaginalista.com\/ponceleon\/wp-json\/wp\/v2\/product"}],"about":[{"href":"https:\/\/tupaginalista.com\/ponceleon\/wp-json\/wp\/v2\/types\/product"}],"replies":[{"embeddable":true,"href":"https:\/\/tupaginalista.com\/ponceleon\/wp-json\/wp\/v2\/comments?post=132"}],"wp:featuredmedia":[{"embeddable":true,"href":"https:\/\/tupaginalista.com\/ponceleon\/wp-json\/wp\/v2\/media\/152"}],"wp:attachment":[{"href":"https:\/\/tupaginalista.com\/ponceleon\/wp-json\/wp\/v2\/media?parent=132"}],"wp:term":[{"taxonomy":"product_cat","embeddable":true,"href":"https:\/\/tupaginalista.com\/ponceleon\/wp-json\/wp\/v2\/product_cat?post=132"},{"taxonomy":"product_tag","embeddable":true,"href":"https:\/\/tupaginalista.com\/ponceleon\/wp-json\/wp\/v2\/product_tag?post=132"}],"curies":[{"name":"wp","href":"https:\/\/api.w.org\/{rel}","templated":true}]}}