{"id":275,"date":"2019-06-12T11:33:03","date_gmt":"2019-06-12T11:33:03","guid":{"rendered":"https:\/\/themes.getmotopress.com\/luviana\/?page_id=275"},"modified":"2023-07-09T01:17:57","modified_gmt":"2023-07-09T01:17:57","slug":"luviana-hotel-amenities","status":"publish","type":"page","link":"https:\/\/tupaginalista.com\/hoteleria\/es\/luviana-hotel-amenities\/","title":{"rendered":"Bondades del Hotel Five Star"},"content":{"rendered":"<div class=\"wp-block-getwid-section alignfull getwid-margin-top-none getwid-margin-bottom-none\"><div class=\"wp-block-getwid-section__wrapper getwid-padding-top-none getwid-padding-bottom-normal getwid-padding-left-medium getwid-padding-right-medium getwid-padding-mobile-left-small getwid-padding-mobile-right-small\"><div class=\"wp-block-getwid-section__inner-wrapper\"><div class=\"wp-block-getwid-section__background-holder\"><div class=\"wp-block-getwid-section__background\"><\/div><div class=\"wp-block-getwid-section__foreground\"><\/div><\/div><div class=\"wp-block-getwid-section__content\"><div class=\"wp-block-getwid-section__inner-content\">\r\n<div class=\"wp-block-columns has-3-columns is-layout-flex wp-container-core-columns-is-layout-9d6595d7 wp-block-columns-is-layout-flex\">\r\n<div class=\"wp-block-column is-layout-flow wp-block-column-is-layout-flow\">\r\n<div class=\"wp-block-getwid-section\"><div class=\"wp-block-getwid-section__wrapper\"><div class=\"wp-block-getwid-section__inner-wrapper\"><div class=\"wp-block-getwid-section__background-holder\"><div class=\"wp-block-getwid-section__background\"><\/div><div class=\"wp-block-getwid-section__foreground\"><\/div><\/div><div class=\"wp-block-getwid-section__content\"><div class=\"wp-block-getwid-section__inner-content\">\r\n<div class=\"wp-block-getwid-icon-box has-text-center\"><div style=\"margin-bottom:0px\" class=\"wp-block-getwid-icon-box__icon-container is-position-top\"><div class=\"wp-block-getwid-icon-box__icon-wrapper has-text-color has-gold-color\" style=\"font-size:60px;padding:0px\"><i class=\"hotel-ico hotel-icon-24\"><\/i><\/div><\/div><div class=\"wp-block-getwid-icon-box__content\">\r\n<div class=\"wp-block-getwid-advanced-heading\" style=\"margin-bottom:20px\"><h4 class=\"wp-block-getwid-advanced-heading__content\">Piscina<\/h4><\/div>\r\n\r\n\r\n\r\n<p>Puede pasar tiempo activamente nadando en la piscina que ofrecemos. Toallas, batas y pantuflas las recibes en la entrada. <\/p>\r\n\r\n\r\n\r\n<div class=\"wp-block-button aligncenter is-style-link\"><a class=\"wp-block-button__link\" href=\"#\">Leer m\u00e1s<\/a><\/div>\r\n<\/div><\/div>\r\n<\/div><\/div><\/div><\/div><\/div>\r\n<\/div>\r\n\r\n\r\n\r\n<div class=\"wp-block-column is-layout-flow wp-block-column-is-layout-flow\">\r\n<div class=\"wp-block-getwid-section\"><div class=\"wp-block-getwid-section__wrapper\"><div class=\"wp-block-getwid-section__inner-wrapper\"><div class=\"wp-block-getwid-section__background-holder\"><div class=\"wp-block-getwid-section__background\"><\/div><div class=\"wp-block-getwid-section__foreground\"><\/div><\/div><div class=\"wp-block-getwid-section__content\"><div class=\"wp-block-getwid-section__inner-content\">\r\n<div class=\"wp-block-getwid-icon-box has-text-center\"><div style=\"margin-bottom:0px\" class=\"wp-block-getwid-icon-box__icon-container is-position-top\"><div class=\"wp-block-getwid-icon-box__icon-wrapper has-text-color has-gold-color\" style=\"font-size:60px;padding:0px\"><i class=\"hotel-ico hotel-icon-21\"><\/i><\/div><\/div><div class=\"wp-block-getwid-icon-box__content\">\r\n<div class=\"wp-block-getwid-advanced-heading\" style=\"margin-bottom:20px\"><h4 class=\"wp-block-getwid-advanced-heading__content\">\u00c1reas WiFi<\/h4><\/div>\r\n\r\n\r\n\r\n<p>En nuestro hotel te conviertes en un WiFi gratuito para estar en contacto con tus familiares y amigos mientras descansas. <\/p>\r\n\r\n\r\n\r\n<div class=\"wp-block-button aligncenter is-style-link\"><a class=\"wp-block-button__link\" href=\"#\">Leer m\u00e1s<\/a><\/div>\r\n<\/div><\/div>\r\n<\/div><\/div><\/div><\/div><\/div>\r\n<\/div>\r\n\r\n\r\n\r\n<div class=\"wp-block-column is-layout-flow wp-block-column-is-layout-flow\">\r\n<div class=\"wp-block-getwid-section\"><div class=\"wp-block-getwid-section__wrapper\"><div class=\"wp-block-getwid-section__inner-wrapper\"><div class=\"wp-block-getwid-section__background-holder\"><div class=\"wp-block-getwid-section__background\"><\/div><div class=\"wp-block-getwid-section__foreground\"><\/div><\/div><div class=\"wp-block-getwid-section__content\"><div class=\"wp-block-getwid-section__inner-content\">\r\n<div class=\"wp-block-getwid-icon-box has-text-center\"><div style=\"margin-bottom:0px\" class=\"wp-block-getwid-icon-box__icon-container is-position-top\"><div class=\"wp-block-getwid-icon-box__icon-wrapper has-text-color has-gold-color\" style=\"font-size:60px;padding:0px\"><i class=\"hotel-ico hotel-icon-31\"><\/i><\/div><\/div><div class=\"wp-block-getwid-icon-box__content\">\r\n<div class=\"wp-block-getwid-advanced-heading\" style=\"margin-bottom:20px\"><h4 class=\"wp-block-getwid-advanced-heading__content\">Playa privada<\/h4><\/div>\r\n\r\n\r\n\r\n<p>Tambi\u00e9n contamos con una playa privada donde puedes nadar en agua de mar limpia, broncearte y tomar una bebida refrescante. <\/p>\r\n\r\n\r\n\r\n<div class=\"wp-block-button aligncenter is-style-link\"><a class=\"wp-block-button__link\" href=\"#\">Leer m\u00e1s<\/a><\/div>\r\n<\/div><\/div>\r\n<\/div><\/div><\/div><\/div><\/div>\r\n<\/div>\r\n<\/div>\r\n<\/div><\/div><\/div><\/div><\/div>\r\n\r\n\r\n\r\n<div class=\"wp-block-getwid-section alignfull getwid-margin-top-none getwid-margin-bottom-none\"><div class=\"wp-block-getwid-section__wrapper getwid-padding-top-none getwid-padding-bottom-large getwid-padding-left-medium getwid-padding-right-medium getwid-padding-mobile-left-small getwid-padding-mobile-right-small\"><div class=\"wp-block-getwid-section__inner-wrapper\"><div class=\"wp-block-getwid-section__background-holder\"><div class=\"wp-block-getwid-section__background\"><\/div><div class=\"wp-block-getwid-section__foreground\"><\/div><\/div><div class=\"wp-block-getwid-section__content\"><div class=\"wp-block-getwid-section__inner-content\">\r\n<div class=\"wp-block-columns has-2-columns is-layout-flex wp-container-core-columns-is-layout-9d6595d7 wp-block-columns-is-layout-flex\">\r\n<div class=\"wp-block-column is-layout-flow wp-block-column-is-layout-flow\">\r\n<div class=\"wp-block-getwid-banner has-animation-style4 has-foreground-0\"><a href=\"#\" class=\"wp-block-getwid-banner__link\"><div class=\"wp-block-getwid-banner__wrapper\"><img loading=\"lazy\" decoding=\"async\" width=\"1024\" height=\"719\" src=\"https:\/\/themes.getmotopress.com\/luviana\/wp-content\/uploads\/sites\/27\/2019\/07\/surfing-lessons-1024x719.jpg\" alt=\"\" class=\"wp-block-getwid-banner__image wp-block-getwid-banner__source wp-image-509\" srcset=\"https:\/\/tupaginalista.com\/hoteleria\/wp-content\/uploads\/2019\/07\/surfing-lessons-1024x719.jpg 1024w, https:\/\/tupaginalista.com\/hoteleria\/wp-content\/uploads\/2019\/07\/surfing-lessons-300x211.jpg 300w, https:\/\/tupaginalista.com\/hoteleria\/wp-content\/uploads\/2019\/07\/surfing-lessons-768x539.jpg 768w, https:\/\/tupaginalista.com\/hoteleria\/wp-content\/uploads\/2019\/07\/surfing-lessons-1536x1078.jpg 1536w, https:\/\/tupaginalista.com\/hoteleria\/wp-content\/uploads\/2019\/07\/surfing-lessons-1170x821.jpg 1170w, https:\/\/tupaginalista.com\/hoteleria\/wp-content\/uploads\/2019\/07\/surfing-lessons.jpg 1600w\" sizes=\"auto, (max-width: 1024px) 100vw, 1024px\" \/><div class=\"wp-block-getwid-banner__caption\"><div class=\"wp-block-getwid-banner__caption-wrapper\"><span class=\"wp-block-getwid-banner__title\"><strong>Clases de Surf<\/strong><\/span><p class=\"wp-block-getwid-banner__text\">Domina una nueva actividad y conquista las efusivas olas de nuestra playa con un entrenador profesional.  <\/p><\/div><\/div><\/div><\/a><\/div>\r\n<\/div>\r\n\r\n\r\n\r\n<div class=\"wp-block-column is-layout-flow wp-block-column-is-layout-flow\">\r\n<div class=\"wp-block-getwid-banner has-animation-style4 has-foreground-0\"><a href=\"#\" class=\"wp-block-getwid-banner__link\"><div class=\"wp-block-getwid-banner__wrapper\"><img loading=\"lazy\" decoding=\"async\" width=\"1024\" height=\"719\" src=\"https:\/\/themes.getmotopress.com\/luviana\/wp-content\/uploads\/sites\/27\/2019\/07\/divingsnorkling-1024x719.jpg\" alt=\"\" class=\"wp-block-getwid-banner__image wp-block-getwid-banner__source wp-image-510\" srcset=\"https:\/\/tupaginalista.com\/hoteleria\/wp-content\/uploads\/2019\/07\/divingsnorkling-1024x719.jpg 1024w, https:\/\/tupaginalista.com\/hoteleria\/wp-content\/uploads\/2019\/07\/divingsnorkling-300x211.jpg 300w, https:\/\/tupaginalista.com\/hoteleria\/wp-content\/uploads\/2019\/07\/divingsnorkling-768x539.jpg 768w, https:\/\/tupaginalista.com\/hoteleria\/wp-content\/uploads\/2019\/07\/divingsnorkling-1536x1078.jpg 1536w, https:\/\/tupaginalista.com\/hoteleria\/wp-content\/uploads\/2019\/07\/divingsnorkling-1170x821.jpg 1170w, https:\/\/tupaginalista.com\/hoteleria\/wp-content\/uploads\/2019\/07\/divingsnorkling.jpg 1600w\" sizes=\"auto, (max-width: 1024px) 100vw, 1024px\" \/><div class=\"wp-block-getwid-banner__caption\"><div class=\"wp-block-getwid-banner__caption-wrapper\"><span class=\"wp-block-getwid-banner__title\"><strong>Buceo y Snorkel<\/strong><\/span><p class=\"wp-block-getwid-banner__text\">Descubre el mundo submarino de criaturas marinas y lugares inexplorados con nosotros.<\/p><\/div><\/div><\/div><\/a><\/div>\r\n<\/div>\r\n<\/div>\r\n<\/div><\/div><\/div><\/div><\/div>\r\n\r\n\r\n\r\n<div class=\"wp-block-getwid-section alignfull getwid-margin-top-none getwid-margin-bottom-none\"><div class=\"wp-block-getwid-section__wrapper getwid-padding-top-none getwid-padding-bottom-none getwid-padding-left-medium getwid-padding-right-medium getwid-padding-mobile-left-small getwid-padding-mobile-right-small\"><div class=\"wp-block-getwid-section__inner-wrapper\"><div class=\"wp-block-getwid-section__background-holder\"><div class=\"wp-block-getwid-section__background\" style=\"background-image:url('https:\/\/tupaginalista.com\/hoteleria\/wp-content\/uploads\/2019\/07\/facilities.jpg')\"><div class=\"wp-block-getwid-section__background-image-wrapper\"><img decoding=\"async\" class=\"wp-block-getwid-section__background-image\" src=\"https:\/\/tupaginalista.com\/hoteleria\/wp-content\/uploads\/2019\/07\/facilities.jpg\" alt=\"\" data-id=\"500\"\/><\/div><\/div><div class=\"wp-block-getwid-section__foreground\"><\/div><\/div><div class=\"wp-block-getwid-section__content\"><div class=\"wp-block-getwid-section__inner-content\">\r\n<div class=\"wp-block-getwid-section\" style=\"margin-top:-60px;margin-bottom:-60px\"><div class=\"wp-block-getwid-section__wrapper getwid-padding-left-normal getwid-padding-right-normal getwid-margin-tablet-right-none\" style=\"margin-right:50%;padding-top:109px;padding-bottom:110px\"><div class=\"wp-block-getwid-section__inner-wrapper\"><div class=\"wp-block-getwid-section__background-holder\"><div class=\"wp-block-getwid-section__background has-background has-blue-background-color\"><\/div><div class=\"wp-block-getwid-section__foreground\" style=\"background-image:url('https:\/\/tupaginalista.com\/hoteleria\/wp-content\/uploads\/2019\/07\/image_testimonials.png');background-position:top left;background-size:auto\"><\/div><\/div><div class=\"wp-block-getwid-section__content\"><div class=\"wp-block-getwid-section__inner-content\">\r\n<div class=\"wp-block-getwid-advanced-heading\" style=\"margin-bottom:40px\"><h3 class=\"wp-block-getwid-advanced-heading__content has-text-color has-white-color\" style=\"font-size:31px\">Bondades<\/h3><\/div>\r\n\r\n\r\n\r\n<p class=\"has-text-color has-white-color\">Five Star brinda a todos los hu\u00e9spedes las comodidades necesarias para que su experiencia en nuestro hotel sea inolvidable y placentera. Nos preocupamos por su estad\u00eda aqu\u00ed y organizamos todas las instalaciones que necesita para su comodidad. <\/p>\r\n\r\n\r\n\r\n<div style=\"height:30px\" aria-hidden=\"true\" class=\"wp-block-spacer\"><\/div>\r\n\r\n\r\n\r\n<div class=\"wp-block-columns has-3-columns is-layout-flex wp-container-core-columns-is-layout-9d6595d7 wp-block-columns-is-layout-flex\">\r\n<div class=\"wp-block-column is-layout-flow wp-block-column-is-layout-flow\">\r\n<div class=\"wp-block-getwid-icon-box has-text-center\"><div style=\"margin-bottom:12px\" class=\"wp-block-getwid-icon-box__icon-container has-layout-stacked is-position-top\"><div class=\"wp-block-getwid-icon-box__icon-wrapper has-background has-white-background-color has-text-color has-gold-color\" style=\"font-size:18px;padding:20px\"><i class=\"fas fa-tv\"><\/i><\/div><\/div><div class=\"wp-block-getwid-icon-box__content\">\r\n<div class=\"wp-block-getwid-advanced-heading\"><h6 class=\"wp-block-getwid-advanced-heading__content has-text-color has-white-color\">TV<\/h6><\/div>\r\n<\/div><\/div>\r\n\r\n\r\n\r\n<div class=\"wp-block-getwid-icon-box has-text-center\"><div style=\"margin-top:40px;margin-bottom:12px\" class=\"wp-block-getwid-icon-box__icon-container has-layout-stacked is-position-top\"><div class=\"wp-block-getwid-icon-box__icon-wrapper has-background has-white-background-color has-text-color has-gold-color\" style=\"font-size:18px;padding:20px\"><i class=\"fas fa-cocktail\"><\/i><\/div><\/div><div class=\"wp-block-getwid-icon-box__content\">\r\n<div class=\"wp-block-getwid-advanced-heading\"><h6 class=\"wp-block-getwid-advanced-heading__content has-text-color has-white-color\">Bebidas<\/h6><\/div>\r\n<\/div><\/div>\r\n<\/div>\r\n\r\n\r\n\r\n<div class=\"wp-block-column is-layout-flow wp-block-column-is-layout-flow\">\r\n<div class=\"wp-block-getwid-icon-box has-text-center\"><div style=\"margin-bottom:12px\" class=\"wp-block-getwid-icon-box__icon-container has-layout-stacked is-position-top\"><div class=\"wp-block-getwid-icon-box__icon-wrapper has-background has-white-background-color has-text-color has-gold-color\" style=\"font-size:18px;padding:20px\"><i class=\"fas fa-bed\"><\/i><\/div><\/div><div class=\"wp-block-getwid-icon-box__content\">\r\n<div class=\"wp-block-getwid-advanced-heading\"><h6 class=\"wp-block-getwid-advanced-heading__content has-text-color has-white-color\">Kings<\/h6><\/div>\r\n<\/div><\/div>\r\n\r\n\r\n\r\n<div class=\"wp-block-getwid-icon-box has-text-center\"><div style=\"margin-top:40px;margin-bottom:12px\" class=\"wp-block-getwid-icon-box__icon-container has-layout-stacked is-position-top\"><div class=\"wp-block-getwid-icon-box__icon-wrapper has-background has-white-background-color has-text-color has-gold-color\" style=\"font-size:18px;padding:20px\"><i class=\"fas fa-snowflake\"><\/i><\/div><\/div><div class=\"wp-block-getwid-icon-box__content\">\r\n<div class=\"wp-block-getwid-advanced-heading\"><h6 class=\"wp-block-getwid-advanced-heading__content has-text-color has-white-color\">Aire<\/h6><\/div>\r\n<\/div><\/div>\r\n<\/div>\r\n\r\n\r\n\r\n<div class=\"wp-block-column is-layout-flow wp-block-column-is-layout-flow\">\r\n<div class=\"wp-block-getwid-icon-box has-text-center\"><div style=\"margin-bottom:12px\" class=\"wp-block-getwid-icon-box__icon-container has-layout-stacked is-position-top\"><div class=\"wp-block-getwid-icon-box__icon-wrapper has-background has-white-background-color has-text-color has-gold-color\" style=\"font-size:18px;padding:20px\"><i class=\"fas fa-smoking\"><\/i><\/div><\/div><div class=\"wp-block-getwid-icon-box__content\">\r\n<div class=\"wp-block-getwid-advanced-heading\"><h6 class=\"wp-block-getwid-advanced-heading__content has-text-color has-white-color\">Fumadores<\/h6><\/div>\r\n<\/div><\/div>\r\n\r\n\r\n\r\n<div class=\"wp-block-getwid-icon-box has-text-center\"><div style=\"margin-top:40px;margin-bottom:12px\" class=\"wp-block-getwid-icon-box__icon-container has-layout-stacked is-position-top\"><div class=\"wp-block-getwid-icon-box__icon-wrapper has-background has-white-background-color has-text-color has-gold-color\" style=\"font-size:18px;padding:20px\"><i class=\"fas fa-bath\"><\/i><\/div><\/div><div class=\"wp-block-getwid-icon-box__content\">\r\n<div class=\"wp-block-getwid-advanced-heading\"><h6 class=\"wp-block-getwid-advanced-heading__content has-text-color has-white-color\">Ba\u00f1os<\/h6><\/div>\r\n<\/div><\/div>\r\n<\/div>\r\n<\/div>\r\n<\/div><\/div><\/div><\/div><\/div>\r\n<\/div><\/div><\/div><\/div><\/div>\r\n\r\n\r\n\r\n<div class=\"wp-block-getwid-section alignfull getwid-margin-top-none getwid-margin-bottom-none\"><div class=\"wp-block-getwid-section__wrapper getwid-padding-top-large getwid-padding-bottom-none getwid-padding-left-medium getwid-padding-right-medium getwid-padding-mobile-left-small getwid-padding-mobile-right-small\"><div class=\"wp-block-getwid-section__inner-wrapper\"><div class=\"wp-block-getwid-section__background-holder\"><div class=\"wp-block-getwid-section__background\"><\/div><div class=\"wp-block-getwid-section__foreground\"><\/div><\/div><div class=\"wp-block-getwid-section__content\"><div class=\"wp-block-getwid-section__inner-content\">\r\n<div class=\"wp-block-columns has-2-columns is-layout-flex wp-container-core-columns-is-layout-9d6595d7 wp-block-columns-is-layout-flex\">\r\n<div class=\"wp-block-column is-layout-flow wp-block-column-is-layout-flow\">\r\n<div class=\"wp-block-getwid-section\"><div class=\"wp-block-getwid-section__wrapper getwid-padding-top-none getwid-padding-bottom-none getwid-padding-left-none getwid-padding-tablet-right-none\" style=\"padding-right:30px\"><div class=\"wp-block-getwid-section__inner-wrapper\"><div class=\"wp-block-getwid-section__background-holder\"><div class=\"wp-block-getwid-section__background\"><\/div><div class=\"wp-block-getwid-section__foreground\"><\/div><\/div><div class=\"wp-block-getwid-section__content\"><div class=\"wp-block-getwid-section__inner-content\">\r\n<div class=\"wp-block-getwid-advanced-heading is-style-style-1\" style=\"margin-bottom:0px\"><p class=\"wp-block-getwid-advanced-heading__content\" style=\"font-size:12px;text-transform:uppercase;letter-spacing:0.1em\">Comodidades<\/p><\/div>\r\n\r\n\r\n\r\n<div class=\"wp-block-getwid-advanced-heading is-style-default\" style=\"margin-top:10px;margin-bottom:30px\"><h2 class=\"wp-block-getwid-advanced-heading__content\" style=\"text-transform:none;letter-spacing:1px\">Paseos en Botes<\/h2><\/div>\r\n\r\n\r\n\r\n<p>Una gran variedad de yates para que usted elija y participe en un espl\u00e9ndido recorrido en barco por las bah\u00edas m\u00e1s hermosas con paisajes impresionantes: todo esto lo puede obtener a la hora del hotel. Ofrecemos las actividades m\u00e1s singulares para diversificar sus vacaciones.<\/p>\r\n\r\n\r\n\r\n<p>Para tener un recorrido de este tipo, todo lo que necesita es llamar a la recepcionista e informar sobre sus anhelos. \u00a1El resto lo organizamos nosotros mismos para vuestro viaje inolvidable!<\/p>\r\n\r\n\r\n\r\n<div style=\"height:20px\" aria-hidden=\"true\" class=\"wp-block-spacer\"><\/div>\r\n\r\n\r\n\r\n<div class=\"wp-block-button is-style-default\"><a class=\"wp-block-button__link\" href=\"#\">Descubre<\/a><\/div>\r\n<\/div><\/div><\/div><\/div><\/div>\r\n<\/div>\r\n\r\n\r\n\r\n<div class=\"wp-block-column is-layout-flow wp-block-column-is-layout-flow\">\r\n<div class=\"wp-block-getwid-images-stack is-layout-zeta\"><div class=\"wp-block-getwid-images-stack__wrapper\"><div class=\"wp-block-getwid-images-stack__chunk\"><div class=\"wp-block-getwid-images-stack__media-wrapper\"><div class=\"wp-block-getwid-images-stack__media-inner-wrapper\"><a href=\"#\"><img loading=\"lazy\" decoding=\"async\" width=\"1024\" height=\"719\" class=\"wp-block-getwid-images-stack__media wp-image-456\" src=\"https:\/\/themes.getmotopress.com\/luviana\/wp-content\/uploads\/sites\/27\/2019\/07\/blog-11-1024x719.jpg\" data-id=\"456\" data-link=\"https:\/\/themes.getmotopress.com\/luviana\/blog-11\/\" srcset=\"https:\/\/tupaginalista.com\/hoteleria\/wp-content\/uploads\/2019\/07\/blog-11-1024x719.jpg 1024w, https:\/\/tupaginalista.com\/hoteleria\/wp-content\/uploads\/2019\/07\/blog-11-300x211.jpg 300w, https:\/\/tupaginalista.com\/hoteleria\/wp-content\/uploads\/2019\/07\/blog-11-768x539.jpg 768w, https:\/\/tupaginalista.com\/hoteleria\/wp-content\/uploads\/2019\/07\/blog-11-1536x1078.jpg 1536w, https:\/\/tupaginalista.com\/hoteleria\/wp-content\/uploads\/2019\/07\/blog-11-1170x821.jpg 1170w, https:\/\/tupaginalista.com\/hoteleria\/wp-content\/uploads\/2019\/07\/blog-11.jpg 1600w\" sizes=\"auto, (max-width: 1024px) 100vw, 1024px\" \/><\/a><\/div><\/div><div class=\"wp-block-getwid-images-stack__media-wrapper\"><div class=\"wp-block-getwid-images-stack__media-inner-wrapper\"><a href=\"#\"><img loading=\"lazy\" decoding=\"async\" width=\"1024\" height=\"719\" class=\"wp-block-getwid-images-stack__media wp-image-464\" src=\"https:\/\/themes.getmotopress.com\/luviana\/wp-content\/uploads\/sites\/27\/2019\/07\/blog-8-1024x719.jpg\" data-id=\"464\" data-link=\"https:\/\/themes.getmotopress.com\/luviana\/blog-8\/\" srcset=\"https:\/\/tupaginalista.com\/hoteleria\/wp-content\/uploads\/2019\/07\/blog-8-1024x719.jpg 1024w, https:\/\/tupaginalista.com\/hoteleria\/wp-content\/uploads\/2019\/07\/blog-8-300x211.jpg 300w, https:\/\/tupaginalista.com\/hoteleria\/wp-content\/uploads\/2019\/07\/blog-8-768x539.jpg 768w, https:\/\/tupaginalista.com\/hoteleria\/wp-content\/uploads\/2019\/07\/blog-8-1536x1078.jpg 1536w, https:\/\/tupaginalista.com\/hoteleria\/wp-content\/uploads\/2019\/07\/blog-8-1170x821.jpg 1170w, https:\/\/tupaginalista.com\/hoteleria\/wp-content\/uploads\/2019\/07\/blog-8.jpg 1600w\" sizes=\"auto, (max-width: 1024px) 100vw, 1024px\" \/><\/a><\/div><\/div><div class=\"wp-block-getwid-images-stack__media-wrapper\"><div class=\"wp-block-getwid-images-stack__media-inner-wrapper\"><a href=\"#\"><img loading=\"lazy\" decoding=\"async\" width=\"1024\" height=\"1024\" class=\"wp-block-getwid-images-stack__media wp-image-526\" src=\"https:\/\/themes.getmotopress.com\/luviana\/wp-content\/uploads\/sites\/27\/2019\/07\/gallery-5-1-1024x1024.jpg\" data-id=\"526\" data-link=\"https:\/\/themes.getmotopress.com\/luviana\/our-gallery\/gallery-5-2\/\" srcset=\"https:\/\/tupaginalista.com\/hoteleria\/wp-content\/uploads\/2019\/07\/gallery-5-1-1024x1024.jpg 1024w, https:\/\/tupaginalista.com\/hoteleria\/wp-content\/uploads\/2019\/07\/gallery-5-1-300x300.jpg 300w, https:\/\/tupaginalista.com\/hoteleria\/wp-content\/uploads\/2019\/07\/gallery-5-1-150x150.jpg 150w, https:\/\/tupaginalista.com\/hoteleria\/wp-content\/uploads\/2019\/07\/gallery-5-1-768x768.jpg 768w, https:\/\/tupaginalista.com\/hoteleria\/wp-content\/uploads\/2019\/07\/gallery-5-1-1536x1536.jpg 1536w, https:\/\/tupaginalista.com\/hoteleria\/wp-content\/uploads\/2019\/07\/gallery-5-1-1170x1170.jpg 1170w, https:\/\/tupaginalista.com\/hoteleria\/wp-content\/uploads\/2019\/07\/gallery-5-1-992x992.jpg 992w, https:\/\/tupaginalista.com\/hoteleria\/wp-content\/uploads\/2019\/07\/gallery-5-1.jpg 1600w\" sizes=\"auto, (max-width: 1024px) 100vw, 1024px\" \/><\/a><\/div><\/div><\/div><\/div><\/div>\r\n<\/div>\r\n<\/div>\r\n<\/div><\/div><\/div><\/div><\/div>","protected":false},"excerpt":{"rendered":"<p>El hotel est\u00e1 distribuido en tres plantas a orillas del mar. En la planta baja, adem\u00e1s de la recepci\u00f3n, hay un c\u00f3modo sal\u00f3n donde puede sentarse y tomar un t\u00e9.<\/p>","protected":false},"author":1,"featured_media":1024,"parent":0,"menu_order":0,"comment_status":"closed","ping_status":"closed","template":"","meta":{"inline_featured_image":false,"footnotes":""},"class_list":["post-275","page","type-page","status-publish","has-post-thumbnail","hentry"],"_links":{"self":[{"href":"https:\/\/tupaginalista.com\/hoteleria\/es\/wp-json\/wp\/v2\/pages\/275","targetHints":{"allow":["GET"]}}],"collection":[{"href":"https:\/\/tupaginalista.com\/hoteleria\/es\/wp-json\/wp\/v2\/pages"}],"about":[{"href":"https:\/\/tupaginalista.com\/hoteleria\/es\/wp-json\/wp\/v2\/types\/page"}],"author":[{"embeddable":true,"href":"https:\/\/tupaginalista.com\/hoteleria\/es\/wp-json\/wp\/v2\/users\/1"}],"replies":[{"embeddable":true,"href":"https:\/\/tupaginalista.com\/hoteleria\/es\/wp-json\/wp\/v2\/comments?post=275"}],"version-history":[{"count":1,"href":"https:\/\/tupaginalista.com\/hoteleria\/es\/wp-json\/wp\/v2\/pages\/275\/revisions"}],"predecessor-version":[{"id":1034,"href":"https:\/\/tupaginalista.com\/hoteleria\/es\/wp-json\/wp\/v2\/pages\/275\/revisions\/1034"}],"wp:featuredmedia":[{"embeddable":true,"href":"https:\/\/tupaginalista.com\/hoteleria\/es\/wp-json\/wp\/v2\/media\/1024"}],"wp:attachment":[{"href":"https:\/\/tupaginalista.com\/hoteleria\/es\/wp-json\/wp\/v2\/media?parent=275"}],"curies":[{"name":"wp","href":"https:\/\/api.w.org\/{rel}","templated":true}]}}