{"id":3227,"date":"2024-02-28T14:48:19","date_gmt":"2024-02-28T14:48:19","guid":{"rendered":"https:\/\/tupaginalista.com\/cotizador\/mantas-termicas-copy\/"},"modified":"2024-02-28T16:46:18","modified_gmt":"2024-02-28T16:46:18","slug":"cobertores-de-invierno","status":"publish","type":"page","link":"https:\/\/tupaginalista.com\/cotizador\/cobertores-de-invierno\/","title":{"rendered":"Cobertores de invierno"},"content":{"rendered":"<p>[et_pb_section fb_built=\u00bb1&#8243; _builder_version=\u00bb4.24.0&#8243; _module_preset=\u00bbdefault\u00bb custom_padding=\u00bb0px||0px||true|false\u00bb global_colors_info=\u00bb{}\u00bb][et_pb_row use_custom_gutter=\u00bbon\u00bb make_equal=\u00bbon\u00bb _builder_version=\u00bb4.24.0&#8243; _module_preset=\u00bbdefault\u00bb width=\u00bb90%\u00bb max_width=\u00bb90%\u00bb global_colors_info=\u00bb{}\u00bb][et_pb_column type=\u00bb4_4&#8243; _builder_version=\u00bb4.24.0&#8243; _module_preset=\u00bbdefault\u00bb global_colors_info=\u00bb{}\u00bb][et_pb_text _builder_version=\u00bb4.24.0&#8243; _dynamic_attributes=\u00bbcontent\u00bb _module_preset=\u00bbdefault\u00bb text_font=\u00bb|300|||||||\u00bb text_text_color=\u00bb#111111&#8243; text_font_size=\u00bb40px\u00bb text_line_height=\u00bb1.3em\u00bb text_font_size_tablet=\u00bb35px\u00bb text_font_size_phone=\u00bb25px\u00bb text_font_size_last_edited=\u00bbon|tablet\u00bb text_orientation_tablet=\u00bbcenter\u00bb text_orientation_phone=\u00bbcenter\u00bb text_orientation_last_edited=\u00bbon|tablet\u00bb global_colors_info=\u00bb{}\u00bb]@ET-DC@eyJkeW5hbWljIjp0cnVlLCJjb250ZW50IjoicG9zdF90aXRsZSIsInNldHRpbmdzIjp7ImJlZm9yZSI6IiIsImFmdGVyIjoiIn19@[\/et_pb_text][et_pb_text _builder_version=\u00bb4.24.2&#8243; _module_preset=\u00bbdefault\u00bb text_font=\u00bb|300|||||||\u00bb text_font_size=\u00bb20px\u00bb text_line_height=\u00bb1.6em\u00bb custom_margin=\u00bb-10px||||false|false\u00bb text_font_size_tablet=\u00bb20px\u00bb text_font_size_phone=\u00bb18px\u00bb text_font_size_last_edited=\u00bbon|desktop\u00bb text_orientation_tablet=\u00bbcenter\u00bb text_orientation_phone=\u00bbcenter\u00bb text_orientation_last_edited=\u00bbon|tablet\u00bb global_colors_info=\u00bb{}\u00bb]<\/p>\n<p><span class=\"\">Los cobertores de invierno para piscinas son elementos fundamentales para conservar la calidad del agua y proteger la piscina durante la temporada de invierno. Estos cobertores, fabricados a medida con tejidos de poli\u00e9ster y revestimientos de PVC opaco, evitan la congelaci\u00f3n del agua, previenen la aparici\u00f3n de suciedad y hongos, y mantienen la temperatura del agua, reduciendo su evaporaci\u00f3n hasta en un 98%<\/span><span class=\"\"><span class=\"whitespace-nowrap\"><a target=\"_blank\" rel=\"noopener noreferrer\" class=\"citation ml-xs inline\" href=\"https:\/\/internationalcoverpool.es\/cobertor-piscina-invierno\/\"><\/a>.<\/span><\/span><span class=\"\"><span>\u00a0<\/span>Adem\u00e1s, ofrecen seguridad al permitir el paso de personas o animales por encima de la lona, evitando posibles ca\u00eddas y accidentes.<\/span><\/p>\n<p>[\/et_pb_text][\/et_pb_column][\/et_pb_row][et_pb_row column_structure=\u00bb1_2,1_2&#8243; use_custom_gutter=\u00bbon\u00bb make_equal=\u00bbon\u00bb _builder_version=\u00bb4.24.0&#8243; _module_preset=\u00bbdefault\u00bb width=\u00bb90%\u00bb max_width=\u00bb90%\u00bb global_colors_info=\u00bb{}\u00bb][et_pb_column type=\u00bb1_2&#8243; _builder_version=\u00bb4.24.0&#8243; _module_preset=\u00bbdefault\u00bb global_colors_info=\u00bb{}\u00bb][et_pb_image src=\u00bbhttps:\/\/tupaginalista.com\/cotizador\/wp-content\/uploads\/2024\/02\/cobertura-1-min.jpg\u00bb title_text=\u00bbcobertura-1-min\u00bb _builder_version=\u00bb4.24.2&#8243; _module_preset=\u00bbdefault\u00bb global_colors_info=\u00bb{}\u00bb][\/et_pb_image][\/et_pb_column][et_pb_column type=\u00bb1_2&#8243; _builder_version=\u00bb4.24.0&#8243; _module_preset=\u00bbdefault\u00bb global_colors_info=\u00bb{}\u00bb][et_pb_text _builder_version=\u00bb4.24.0&#8243; _module_preset=\u00bbdefault\u00bb text_font=\u00bb|300||on|||||\u00bb text_text_color=\u00bb#111111&#8243; text_font_size=\u00bb40px\u00bb text_line_height=\u00bb1.3em\u00bb text_font_size_tablet=\u00bb35px\u00bb text_font_size_phone=\u00bb25px\u00bb text_font_size_last_edited=\u00bbon|tablet\u00bb text_orientation_tablet=\u00bbcenter\u00bb text_orientation_phone=\u00bbcenter\u00bb text_orientation_last_edited=\u00bbon|tablet\u00bb global_colors_info=\u00bb{}\u00bb]<\/p>\n<p>ALGUNAS CAR\u00c1CTERISITICAS<\/p>\n<p>[\/et_pb_text][et_pb_text _builder_version=\u00bb4.24.2&#8243; _module_preset=\u00bbdefault\u00bb text_font=\u00bb|300|||||||\u00bb text_font_size=\u00bb20px\u00bb text_font_size_tablet=\u00bb20px\u00bb text_font_size_phone=\u00bb18px\u00bb text_font_size_last_edited=\u00bbon|desktop\u00bb text_orientation_tablet=\u00bbcenter\u00bb text_orientation_phone=\u00bbcenter\u00bb text_orientation_last_edited=\u00bbon|tablet\u00bb global_colors_info=\u00bb{}\u00bb]<\/p>\n<ul class=\"list-outside list-disc pl-8\">\n<li><span class=\"\">Tratamiento antif\u00fangico, barniz anti-rayos UV y agujeros de drenaje para evitar encharcamientos<\/span><span class=\"\"><span class=\"whitespace-nowrap\">.<\/span><\/span><span class=\"\"><\/span><\/li>\n<li><span class=\"\">Accesorios de calidad como ojales y tornillos de acero inoxidable<\/span><span class=\"\"><span class=\"whitespace-nowrap\">.<\/span><\/span><span class=\"\"><\/span><\/li>\n<li><span class=\"\">Ayuda a la climatizaci\u00f3n manteniendo la temperatura del agua durante la noche y reduciendo el riesgo de congelaci\u00f3n<\/span><span class=\"\"><span class=\"whitespace-nowrap\">.<\/span><\/span><span class=\"\"><\/span><\/li>\n<li><span class=\"\">Evita la ca\u00edda de suciedad en la piscina, previene da\u00f1os por heladas y prolonga la temporada de ba\u00f1o.<\/span><\/li>\n<\/ul>\n<p>[\/et_pb_text][et_pb_text _builder_version=\u00bb4.24.2&#8243; _module_preset=\u00bbdefault\u00bb text_font=\u00bb|300|||||||\u00bb text_font_size=\u00bb20px\u00bb text_line_height=\u00bb1.6em\u00bb custom_margin=\u00bb-35px||||false|false\u00bb text_font_size_tablet=\u00bb20px\u00bb text_font_size_phone=\u00bb18px\u00bb text_font_size_last_edited=\u00bbon|desktop\u00bb text_orientation_tablet=\u00bbcenter\u00bb text_orientation_phone=\u00bbcenter\u00bb text_orientation_last_edited=\u00bbon|tablet\u00bb global_colors_info=\u00bb{}\u00bb]<\/p>\n<p><span>los cobertores de invierno para piscinas son una inversi\u00f3n importante para mantener el agua limpia, conservarla durante el invierno y proteger la piscina de posibles da\u00f1os, contribuyendo a un mantenimiento m\u00e1s eficiente y seguro.<\/span><\/p>\n<p>[\/et_pb_text][et_pb_button button_url=\u00bbhttps:\/\/tupaginalista.com\/cotizador\/cobertor-de-invierno-a-medida\/\u00bb button_text=\u00bbC\u00e1lcule su Precio Aqu\u00ed \u00bb _builder_version=\u00bb4.24.2&#8243; _module_preset=\u00bbdefault\u00bb custom_button=\u00bbon\u00bb button_text_size=\u00bb20px\u00bb button_text_color=\u00bb#FFFFFF\u00bb button_bg_color=\u00bb#24e529&#8243; button_border_width=\u00bb1px\u00bb button_border_color=\u00bb#24e529&#8243; button_border_radius=\u00bb25px\u00bb button_use_icon=\u00bboff\u00bb hover_enabled=\u00bb0&#8243; button_border_radius_last_edited=\u00bboff|desktop\u00bb global_colors_info=\u00bb{}\u00bb button_bg_color__hover_enabled=\u00bbon|desktop\u00bb button_bg_color__hover=\u00bb#ffffff\u00bb button_bg_enable_color__hover=\u00bbon\u00bb button_text_color__hover_enabled=\u00bbon|desktop\u00bb button_text_color__hover=\u00bb#21c3fb\u00bb button_border_color__hover_enabled=\u00bbon|desktop\u00bb button_border_color__hover=\u00bb#21c3fb\u00bb sticky_enabled=\u00bb0&#8243;][\/et_pb_button][\/et_pb_column][\/et_pb_row][et_pb_row use_custom_gutter=\u00bbon\u00bb make_equal=\u00bbon\u00bb _builder_version=\u00bb4.24.0&#8243; _module_preset=\u00bbdefault\u00bb width=\u00bb90%\u00bb max_width=\u00bb90%\u00bb global_colors_info=\u00bb{}\u00bb][et_pb_column type=\u00bb4_4&#8243; _builder_version=\u00bb4.24.0&#8243; _module_preset=\u00bbdefault\u00bb global_colors_info=\u00bb{}\u00bb][et_pb_divider color=\u00bbrgba(0,0,0,0.13)\u00bb _builder_version=\u00bb4.24.0&#8243; _module_preset=\u00bbdefault\u00bb global_colors_info=\u00bb{}\u00bb][\/et_pb_divider][et_pb_text _builder_version=\u00bb4.24.2&#8243; _module_preset=\u00bbdefault\u00bb text_font=\u00bb|300|||||||\u00bb text_text_color=\u00bb#111111&#8243; text_font_size=\u00bb40px\u00bb text_line_height=\u00bb1.3em\u00bb custom_margin=\u00bb-50px||||false|false\u00bb text_font_size_tablet=\u00bb35px\u00bb text_font_size_phone=\u00bb25px\u00bb text_font_size_last_edited=\u00bbon|tablet\u00bb text_orientation_tablet=\u00bbcenter\u00bb text_orientation_phone=\u00bbcenter\u00bb text_orientation_last_edited=\u00bbon|tablet\u00bb global_colors_info=\u00bb{}\u00bb]<\/p>\n<p><span>Importancia de los cobertores de invierno<\/span><\/p>\n<p>[\/et_pb_text][et_pb_text _builder_version=\u00bb4.24.2&#8243; _module_preset=\u00bbdefault\u00bb text_font=\u00bb|300|||||||\u00bb text_font_size=\u00bb20px\u00bb text_line_height=\u00bb1.6em\u00bb text_font_size_tablet=\u00bb20px\u00bb text_font_size_phone=\u00bb18px\u00bb text_font_size_last_edited=\u00bbon|desktop\u00bb text_orientation_tablet=\u00bbcenter\u00bb text_orientation_phone=\u00bbcenter\u00bb text_orientation_last_edited=\u00bbon|tablet\u00bb global_colors_info=\u00bb{}\u00bb]<\/p>\n<p><span class=\"\">Los cobertores de invierno para piscinas son elementos esenciales para proteger y mantener la piscina durante la temporada de invierno. Estos cobertores, fabricados con materiales resistentes como poli\u00e9ster y PVC opaco, ofrecen m\u00faltiples beneficios:<\/span><span><\/span><\/p>\n<ul class=\"list-outside list-disc pl-8\">\n<li><span class=\"\">Evitan la ca\u00edda de suciedad en el agua, como hojas y desechos, manteni\u00e9ndola limpia y reduciendo la necesidad de productos qu\u00edmicos<\/span><span class=\"\"><span class=\"whitespace-nowrap\">.<\/span><\/span><span class=\"\"><\/span><\/li>\n<li><span class=\"\">Act\u00faan como una barrera de seguridad, evitando accidentes al evitar que personas caigan dentro de la piscina<\/span><span class=\"\"><span class=\"whitespace-nowrap\">.<\/span><\/span><span class=\"\"><\/span><\/li>\n<li><span class=\"\">Protegen el vaso de la piscina y otros elementos internos de posibles da\u00f1os causados por las bajas temperaturas y heladas del invierno<\/span><span class=\"\"><span class=\"whitespace-nowrap\">.<\/span><\/span><span class=\"\"><\/span><\/li>\n<li><span class=\"\">Contribuyen al ahorro en mantenimiento al conservar la calidad del agua, reducir la evaporaci\u00f3n y prolongar la vida \u00fatil de la piscina<\/span><span class=\"\"><span class=\"whitespace-nowrap\">.<\/span><\/span><span class=\"\"><\/span><\/li>\n<\/ul>\n<p><span class=\"\">Los cobertores de invierno para piscinas son una inversi\u00f3n importante que no solo protege la piscina de da\u00f1os, sino que tambi\u00e9n facilita su mantenimiento, ahorra costos en productos qu\u00edmicos y contribuye a mantener un ambiente seguro alrededor de la piscina.<\/span><\/p>\n<p>[\/et_pb_text][et_pb_divider color=\u00bbrgba(0,0,0,0.13)\u00bb _builder_version=\u00bb4.24.0&#8243; _module_preset=\u00bbdefault\u00bb global_colors_info=\u00bb{}\u00bb][\/et_pb_divider][\/et_pb_column][\/et_pb_row][et_pb_row column_structure=\u00bb1_2,1_2&#8243; make_equal=\u00bbon\u00bb _builder_version=\u00bb4.24.2&#8243; _module_preset=\u00bbdefault\u00bb width=\u00bb90%\u00bb max_width=\u00bb90%\u00bb custom_padding=\u00bb0px||||false|false\u00bb global_colors_info=\u00bb{}\u00bb][et_pb_column type=\u00bb1_2&#8243; _builder_version=\u00bb4.24.2&#8243; _module_preset=\u00bbdefault\u00bb global_colors_info=\u00bb{}\u00bb][et_pb_image src=\u00bbhttps:\/\/tupaginalista.com\/cotizador\/wp-content\/uploads\/2024\/02\/cobertura-2-min.jpg\u00bb title_text=\u00bbcobertura-2-min\u00bb _builder_version=\u00bb4.24.2&#8243; _module_preset=\u00bbdefault\u00bb global_colors_info=\u00bb{}\u00bb][\/et_pb_image][\/et_pb_column][et_pb_column type=\u00bb1_2&#8243; _builder_version=\u00bb4.24.2&#8243; _module_preset=\u00bbdefault\u00bb global_colors_info=\u00bb{}\u00bb][et_pb_image src=\u00bbhttps:\/\/tupaginalista.com\/cotizador\/wp-content\/uploads\/2024\/02\/cobertura-3-min.jpg\u00bb title_text=\u00bbcobertura-3-min\u00bb _builder_version=\u00bb4.24.2&#8243; _module_preset=\u00bbdefault\u00bb global_colors_info=\u00bb{}\u00bb][\/et_pb_image][\/et_pb_column][\/et_pb_row][\/et_pb_section]<\/p>\n","protected":false},"excerpt":{"rendered":"<p>Los cobertores de invierno para piscinas son elementos fundamentales para conservar la calidad del agua y proteger la piscina durante la temporada de invierno. Estos cobertores, fabricados a medida con tejidos de poli\u00e9ster y revestimientos de PVC opaco, evitan la congelaci\u00f3n del agua, previenen la aparici\u00f3n de suciedad y hongos, y mantienen la temperatura del [&hellip;]<\/p>\n","protected":false},"author":1,"featured_media":0,"parent":0,"menu_order":0,"comment_status":"closed","ping_status":"closed","template":"","meta":{"_et_pb_use_builder":"on","_et_pb_old_content":"","_et_gb_content_width":"","_joinchat":[],"footnotes":""},"class_list":["post-3227","page","type-page","status-publish","hentry"],"_links":{"self":[{"href":"https:\/\/tupaginalista.com\/cotizador\/wp-json\/wp\/v2\/pages\/3227","targetHints":{"allow":["GET"]}}],"collection":[{"href":"https:\/\/tupaginalista.com\/cotizador\/wp-json\/wp\/v2\/pages"}],"about":[{"href":"https:\/\/tupaginalista.com\/cotizador\/wp-json\/wp\/v2\/types\/page"}],"author":[{"embeddable":true,"href":"https:\/\/tupaginalista.com\/cotizador\/wp-json\/wp\/v2\/users\/1"}],"replies":[{"embeddable":true,"href":"https:\/\/tupaginalista.com\/cotizador\/wp-json\/wp\/v2\/comments?post=3227"}],"version-history":[{"count":9,"href":"https:\/\/tupaginalista.com\/cotizador\/wp-json\/wp\/v2\/pages\/3227\/revisions"}],"predecessor-version":[{"id":3256,"href":"https:\/\/tupaginalista.com\/cotizador\/wp-json\/wp\/v2\/pages\/3227\/revisions\/3256"}],"wp:attachment":[{"href":"https:\/\/tupaginalista.com\/cotizador\/wp-json\/wp\/v2\/media?parent=3227"}],"curies":[{"name":"wp","href":"https:\/\/api.w.org\/{rel}","templated":true}]}}