{"id":2496,"date":"2024-02-12T15:43:16","date_gmt":"2024-02-12T15:43:16","guid":{"rendered":"https:\/\/tupaginalista.com\/cotizador\/vallas-beethoven-copy\/"},"modified":"2024-02-26T21:57:35","modified_gmt":"2024-02-26T21:57:35","slug":"vallas-flash","status":"publish","type":"page","link":"https:\/\/tupaginalista.com\/cotizador\/vallas-flash\/","title":{"rendered":"Vallas Flash"},"content":{"rendered":"<p>[et_pb_section fb_built=\u00bb1&#8243; _builder_version=\u00bb4.24.0&#8243; _module_preset=\u00bbdefault\u00bb custom_padding=\u00bb||||false|false\u00bb global_colors_info=\u00bb{}\u00bb][et_pb_row use_custom_gutter=\u00bbon\u00bb gutter_width=\u00bb1&#8243; make_equal=\u00bbon\u00bb _builder_version=\u00bb4.24.0&#8243; _module_preset=\u00bbdefault\u00bb width=\u00bb90%\u00bb max_width=\u00bb90%\u00bb custom_padding=\u00bb0px||0px||true|false\u00bb global_colors_info=\u00bb{}\u00bb][et_pb_column type=\u00bb4_4&#8243; _builder_version=\u00bb4.24.0&#8243; _module_preset=\u00bbdefault\u00bb global_colors_info=\u00bb{}\u00bb][et_pb_text _builder_version=\u00bb4.24.0&#8243; _module_preset=\u00bbdefault\u00bb text_font=\u00bb|700|||||||\u00bb text_text_color=\u00bb#000000&#8243; text_font_size=\u00bb40px\u00bb text_line_height=\u00bb1.3em\u00bb custom_padding=\u00bb||||false|false\u00bb text_font_size_tablet=\u00bb35px\u00bb text_font_size_phone=\u00bb25px\u00bb text_font_size_last_edited=\u00bbon|tablet\u00bb text_orientation_tablet=\u00bbcenter\u00bb text_orientation_phone=\u00bbcenter\u00bb text_orientation_last_edited=\u00bbon|tablet\u00bb global_colors_info=\u00bb{}\u00bb]<\/p>\n<p>Vallas de Seguridad <span>Flash<\/span><\/p>\n<p>[\/et_pb_text][\/et_pb_column][\/et_pb_row][\/et_pb_section][et_pb_section fb_built=\u00bb1&#8243; _builder_version=\u00bb4.24.0&#8243; _module_preset=\u00bbdefault\u00bb custom_padding=\u00bb0px||0px||true|\u00bb global_colors_info=\u00bb{}\u00bb][et_pb_row use_custom_gutter=\u00bbon\u00bb gutter_width=\u00bb1&#8243; make_equal=\u00bbon\u00bb _builder_version=\u00bb4.24.0&#8243; _module_preset=\u00bbdefault\u00bb width=\u00bb90%\u00bb max_width=\u00bb90%\u00bb custom_padding=\u00bb0px||0px||true|false\u00bb global_colors_info=\u00bb{}\u00bb][et_pb_column type=\u00bb4_4&#8243; _builder_version=\u00bb4.24.0&#8243; _module_preset=\u00bbdefault\u00bb global_colors_info=\u00bb{}\u00bb][et_pb_text _builder_version=\u00bb4.24.0&#8243; _module_preset=\u00bbdefault\u00bb text_font=\u00bb|300|||||||\u00bb text_font_size=\u00bb20px\u00bb text_line_height=\u00bb1.6em\u00bb custom_margin=\u00bb-40px||||false|false\u00bb custom_padding=\u00bb||||false|false\u00bb text_font_size_tablet=\u00bb20px\u00bb text_font_size_phone=\u00bb18px\u00bb text_font_size_last_edited=\u00bbon|desktop\u00bb text_orientation_tablet=\u00bbcenter\u00bb text_orientation_phone=\u00bbcenter\u00bb text_orientation_last_edited=\u00bbon|tablet\u00bb global_colors_info=\u00bb{}\u00bb]<\/p>\n<p><span>Las vallas para piscinas son barreras de seguridad dise\u00f1adas para prevenir el acceso no autorizado a la piscina, especialmente por parte de ni\u00f1os peque\u00f1os. Est\u00e1n hechas de materiales como PVC, aluminio o malla, y su objetivo es evitar accidentes alrededor de la piscina. Estas vallas suelen ser desmontables y homologadas, permitiendo la visualizaci\u00f3n del interior de la piscina y ofreciendo protecci\u00f3n a los ni\u00f1os.<\/span><\/p>\n<p>[\/et_pb_text][\/et_pb_column][\/et_pb_row][\/et_pb_section][et_pb_section fb_built=\u00bb1&#8243; _builder_version=\u00bb4.24.0&#8243; _module_preset=\u00bbdefault\u00bb custom_padding=\u00bb0px|||||\u00bb global_colors_info=\u00bb{}\u00bb][et_pb_row column_structure=\u00bb1_3,1_3,1_3&#8243; use_custom_gutter=\u00bbon\u00bb gutter_width=\u00bb2&#8243; make_equal=\u00bbon\u00bb _builder_version=\u00bb4.24.0&#8243; _module_preset=\u00bbdefault\u00bb width=\u00bb90%\u00bb max_width=\u00bb90%\u00bb custom_padding=\u00bb0px||0px||true|false\u00bb global_colors_info=\u00bb{}\u00bb][et_pb_column type=\u00bb1_3&#8243; _builder_version=\u00bb4.24.0&#8243; _module_preset=\u00bbdefault\u00bb global_colors_info=\u00bb{}\u00bb][et_pb_image src=\u00bbhttps:\/\/tupaginalista.com\/cotizador\/wp-content\/uploads\/2024\/02\/modelo-2-min.jpg\u00bb title_text=\u00bbmodelo-2-min\u00bb align=\u00bbcenter\u00bb _builder_version=\u00bb4.24.0&#8243; _module_preset=\u00bbdefault\u00bb max_width=\u00bb80%\u00bb max_width_tablet=\u00bb50%\u00bb max_width_phone=\u00bb50%\u00bb max_width_last_edited=\u00bbon|phone\u00bb global_colors_info=\u00bb{}\u00bb][\/et_pb_image][\/et_pb_column][et_pb_column type=\u00bb1_3&#8243; _builder_version=\u00bb4.24.0&#8243; _module_preset=\u00bbdefault\u00bb global_colors_info=\u00bb{}\u00bb][et_pb_image src=\u00bbhttps:\/\/tupaginalista.com\/cotizador\/wp-content\/uploads\/2024\/02\/modelo-1-min.jpg\u00bb title_text=\u00bbmodelo-1-min\u00bb align=\u00bbcenter\u00bb _builder_version=\u00bb4.24.0&#8243; _module_preset=\u00bbdefault\u00bb max_width=\u00bb80%\u00bb max_width_tablet=\u00bb50%\u00bb max_width_phone=\u00bb50%\u00bb max_width_last_edited=\u00bbon|phone\u00bb global_colors_info=\u00bb{}\u00bb][\/et_pb_image][\/et_pb_column][et_pb_column type=\u00bb1_3&#8243; _builder_version=\u00bb4.24.0&#8243; _module_preset=\u00bbdefault\u00bb global_colors_info=\u00bb{}\u00bb][et_pb_image src=\u00bbhttps:\/\/tupaginalista.com\/cotizador\/wp-content\/uploads\/2024\/02\/modelo-3-min.jpg\u00bb title_text=\u00bbmodelo-3-min\u00bb align=\u00bbcenter\u00bb _builder_version=\u00bb4.24.0&#8243; _module_preset=\u00bbdefault\u00bb max_width=\u00bb80%\u00bb max_width_tablet=\u00bb50%\u00bb max_width_phone=\u00bb50%\u00bb max_width_last_edited=\u00bbon|phone\u00bb global_colors_info=\u00bb{}\u00bb][\/et_pb_image][\/et_pb_column][\/et_pb_row][et_pb_row use_custom_gutter=\u00bbon\u00bb gutter_width=\u00bb2&#8243; make_equal=\u00bbon\u00bb _builder_version=\u00bb4.24.0&#8243; _module_preset=\u00bbdefault\u00bb width=\u00bb90%\u00bb max_width=\u00bb90%\u00bb custom_padding=\u00bb0px||0px||true|false\u00bb global_colors_info=\u00bb{}\u00bb][et_pb_column type=\u00bb4_4&#8243; _builder_version=\u00bb4.24.0&#8243; _module_preset=\u00bbdefault\u00bb global_colors_info=\u00bb{}\u00bb][et_pb_button button_url=\u00bbhttps:\/\/tupaginalista.com\/cotizador\/vallas-de-seguridad-a-medida\/\u00bb button_text=\u00bbcalcule su precio\u00bb button_alignment=\u00bbcenter\u00bb _builder_version=\u00bb4.24.2&#8243; _module_preset=\u00bbdefault\u00bb custom_button=\u00bbon\u00bb button_text_size=\u00bb20px\u00bb button_text_color=\u00bb#FFFFFF\u00bb button_bg_color=\u00bb#21c3fb\u00bb button_border_width=\u00bb1px\u00bb button_border_color=\u00bb#24e529&#8243; button_border_radius=\u00bb25px\u00bb button_font=\u00bb|||on|||||\u00bb button_use_icon=\u00bboff\u00bb hover_enabled=\u00bb0&#8243; button_border_radius_last_edited=\u00bboff|desktop\u00bb global_colors_info=\u00bb{}\u00bb button_bg_color__hover_enabled=\u00bbon|desktop\u00bb button_bg_color__hover=\u00bb#ffffff\u00bb button_bg_enable_color__hover=\u00bbon\u00bb button_text_color__hover_enabled=\u00bbon|desktop\u00bb button_text_color__hover=\u00bb#21c3fb\u00bb button_border_color__hover_enabled=\u00bbon|hover\u00bb button_border_color__hover=\u00bb#24e529&#8243; sticky_enabled=\u00bb0&#8243;][\/et_pb_button][\/et_pb_column][\/et_pb_row][\/et_pb_section][et_pb_section fb_built=\u00bb1&#8243; _builder_version=\u00bb4.24.0&#8243; _module_preset=\u00bbdefault\u00bb custom_padding=\u00bb0px||0px||true|false\u00bb global_colors_info=\u00bb{}\u00bb][et_pb_row column_structure=\u00bb3_5,2_5&#8243; use_custom_gutter=\u00bbon\u00bb make_equal=\u00bbon\u00bb _builder_version=\u00bb4.24.0&#8243; _module_preset=\u00bbdefault\u00bb width=\u00bb90%\u00bb max_width=\u00bb90%\u00bb global_colors_info=\u00bb{}\u00bb][et_pb_column type=\u00bb3_5&#8243; _builder_version=\u00bb4.24.0&#8243; _module_preset=\u00bbdefault\u00bb global_colors_info=\u00bb{}\u00bb][et_pb_text _builder_version=\u00bb4.24.0&#8243; _module_preset=\u00bbdefault\u00bb text_font=\u00bb|600|||||||\u00bb text_text_color=\u00bb#111111&#8243; text_font_size=\u00bb40px\u00bb text_line_height=\u00bb1.3em\u00bb text_font_size_tablet=\u00bb35px\u00bb text_font_size_phone=\u00bb25px\u00bb text_font_size_last_edited=\u00bbon|tablet\u00bb text_orientation_tablet=\u00bbcenter\u00bb text_orientation_phone=\u00bbcenter\u00bb text_orientation_last_edited=\u00bbon|tablet\u00bb global_colors_info=\u00bb{}\u00bb]<\/p>\n<p><span>Beneficios de las vallas de seguridad<\/span><\/p>\n<p>[\/et_pb_text][et_pb_text _builder_version=\u00bb4.24.0&#8243; _module_preset=\u00bbdefault\u00bb text_font=\u00bb|300|||||||\u00bb text_font_size=\u00bb20px\u00bb text_line_height=\u00bb1.6em\u00bb text_font_size_tablet=\u00bb20px\u00bb text_font_size_phone=\u00bb18px\u00bb text_font_size_last_edited=\u00bbon|desktop\u00bb text_orientation_tablet=\u00bbcenter\u00bb text_orientation_phone=\u00bbcenter\u00bb text_orientation_last_edited=\u00bbon|tablet\u00bb global_colors_info=\u00bb{}\u00bb]<\/p>\n<p><span class=\"\">Algunos de los beneficios de las vallas de seguridad para piscinas son:<\/span><span><\/span><\/p>\n<ol class=\"list-outside list-decimal marker:font-mono marker:text-sm pl-11\">\n<li><span class=\"\"><\/span><span class=\"\"><strong>Prevenci\u00f3n de accidentes<\/strong>: Las vallas de seguridad ayudan a prevenir accidentes al limitar el acceso a la piscina, lo que es especialmente importante para evitar ahogamientos infantiles<\/span><span class=\"\"><span class=\"whitespace-nowrap\">.<\/span><\/span><span class=\"\"><\/span><\/li>\n<li><span class=\"\"><\/span><span class=\"\"><strong>Reducci\u00f3n de responsabilidad legal<\/strong>: La instalaci\u00f3n de vallas de seguridad puede reducir la responsabilidad legal del propietario o administrador de la piscina en caso de accidentes<\/span><span class=\"\"><span class=\"whitespace-nowrap\">.<\/span><\/span><span class=\"\"><\/span><\/li>\n<li><span class=\"\"><\/span><span class=\"\"><strong>Mayor seguridad<\/strong>: Las vallas evitan que ni\u00f1os peque\u00f1os, mascotas y adultos no supervisados accedan directamente a la piscina, lo que contribuye a una mayor seguridad<\/span><span class=\"\"><span class=\"whitespace-nowrap\">.<\/span><\/span><span class=\"\"><\/span><\/li>\n<li><span class=\"\"><\/span><span class=\"\"><strong>Cumplimiento de requisitos legales<\/strong>: En el caso de piscinas p\u00fablicas, la instalaci\u00f3n de vallas de seguridad ayuda a cumplir con los requisitos legales y normativas de seguridad.<\/span><span class=\"\"><\/span><\/li>\n<li><span class=\"\"><\/span><span class=\"\"><strong>Mejora est\u00e9tica y durabilidad<\/strong>: Dependiendo del material, las vallas pueden aportar a la est\u00e9tica del entorno de la piscina y ofrecer durabilidad, resistencia a la intemperie y bajo mantenimiento<\/span><span class=\"\"><span class=\"whitespace-nowrap\">.<\/span><\/span><span class=\"\"><\/span><span class=\"\"><\/span><\/li>\n<\/ol>\n<p>[\/et_pb_text][\/et_pb_column][et_pb_column type=\u00bb2_5&#8243; _builder_version=\u00bb4.24.0&#8243; _module_preset=\u00bbdefault\u00bb global_colors_info=\u00bb{}\u00bb][et_pb_image src=\u00bbhttps:\/\/tupaginalista.com\/cotizador\/wp-content\/uploads\/2024\/02\/nina-proteccion-min.jpg\u00bb title_text=\u00bbnina-proteccion-min\u00bb align_tablet=\u00bbcenter\u00bb align_phone=\u00bbcenter\u00bb align_last_edited=\u00bbon|phone\u00bb _builder_version=\u00bb4.24.0&#8243; _module_preset=\u00bbdefault\u00bb global_colors_info=\u00bb{}\u00bb][\/et_pb_image][et_pb_text _builder_version=\u00bb4.24.0&#8243; _module_preset=\u00bbdefault\u00bb text_font=\u00bb|300|||||||\u00bb text_font_size=\u00bb20px\u00bb text_line_height=\u00bb1.6em\u00bb text_font_size_tablet=\u00bb20px\u00bb text_font_size_phone=\u00bb18px\u00bb text_font_size_last_edited=\u00bbon|desktop\u00bb text_orientation_tablet=\u00bbcenter\u00bb text_orientation_phone=\u00bbcenter\u00bb text_orientation_last_edited=\u00bbon|tablet\u00bb global_colors_info=\u00bb{}\u00bb]<\/p>\n<p><span class=\"\">En resumen, las vallas de seguridad para piscinas son una medida efectiva para prevenir accidentes, cumplir con regulaciones legales, y brindar mayor seguridad y tranquilidad a los propietarios y usuarios de las piscinas.<\/span><\/p>\n<p>[\/et_pb_text][\/et_pb_column][\/et_pb_row][et_pb_row use_custom_gutter=\u00bbon\u00bb make_equal=\u00bbon\u00bb _builder_version=\u00bb4.24.0&#8243; _module_preset=\u00bbdefault\u00bb width=\u00bb90%\u00bb max_width=\u00bb90%\u00bb global_colors_info=\u00bb{}\u00bb][et_pb_column type=\u00bb4_4&#8243; _builder_version=\u00bb4.24.0&#8243; _module_preset=\u00bbdefault\u00bb global_colors_info=\u00bb{}\u00bb][et_pb_text _builder_version=\u00bb4.24.0&#8243; _module_preset=\u00bbdefault\u00bb text_font=\u00bb|600|||||||\u00bb text_text_color=\u00bb#111111&#8243; text_font_size=\u00bb40px\u00bb text_line_height=\u00bb1.3em\u00bb text_font_size_tablet=\u00bb35px\u00bb text_font_size_phone=\u00bb25px\u00bb text_font_size_last_edited=\u00bbon|tablet\u00bb text_orientation_tablet=\u00bbcenter\u00bb text_orientation_phone=\u00bbcenter\u00bb text_orientation_last_edited=\u00bbon|tablet\u00bb global_colors_info=\u00bb{}\u00bb]<\/p>\n<p><span>\u00bfC\u00f3mo se instalan las vallas de seguridad?<\/span><\/p>\n<p>[\/et_pb_text][et_pb_text _builder_version=\u00bb4.24.0&#8243; _module_preset=\u00bbdefault\u00bb text_font=\u00bb|300|||||||\u00bb text_font_size=\u00bb20px\u00bb text_line_height=\u00bb1.6em\u00bb text_font_size_tablet=\u00bb20px\u00bb text_font_size_phone=\u00bb18px\u00bb text_font_size_last_edited=\u00bbon|desktop\u00bb text_orientation_tablet=\u00bbcenter\u00bb text_orientation_phone=\u00bbcenter\u00bb text_orientation_last_edited=\u00bbon|tablet\u00bb global_colors_info=\u00bb{}\u00bb]<\/p>\n<p><span>La instalaci\u00f3n de las vallas de seguridad para piscinas puede variar seg\u00fan el modelo y el fabricante, pero en general, suelen ser f\u00e1ciles de montar y desmontar. La mayor\u00eda de las vallas vienen con postes y anclajes que se fijan al suelo mediante taladros o tacos, y los paneles se encajan en los postes. Es importante seguir las instrucciones del fabricante para asegurarse de que la valla est\u00e9 correctamente instalada y cumpla con su funci\u00f3n de protecci\u00f3n. En algunos casos, puede ser necesario contratar a un profesional para la instalaci\u00f3n. En YouTube se pueden encontrar videos que muestran el proceso de instalaci\u00f3n de algunas marcas de vallas de seguridad para piscinas.<\/span><\/p>\n<p>[\/et_pb_text][\/et_pb_column][\/et_pb_row][et_pb_row column_structure=\u00bb1_2,1_2&#8243; use_custom_gutter=\u00bbon\u00bb make_equal=\u00bbon\u00bb _builder_version=\u00bb4.24.0&#8243; _module_preset=\u00bbdefault\u00bb width=\u00bb90%\u00bb max_width=\u00bb90%\u00bb global_colors_info=\u00bb{}\u00bb][et_pb_column type=\u00bb1_2&#8243; _builder_version=\u00bb4.24.0&#8243; _module_preset=\u00bbdefault\u00bb global_colors_info=\u00bb{}\u00bb][et_pb_image src=\u00bbhttps:\/\/tupaginalista.com\/cotizador\/wp-content\/uploads\/2024\/02\/valla-1-ppal.jpg\u00bb title_text=\u00bbvalla-1-ppal\u00bb align_tablet=\u00bbcenter\u00bb align_phone=\u00bbcenter\u00bb align_last_edited=\u00bbon|phone\u00bb _builder_version=\u00bb4.24.0&#8243; _module_preset=\u00bbdefault\u00bb global_colors_info=\u00bb{}\u00bb][\/et_pb_image][\/et_pb_column][et_pb_column type=\u00bb1_2&#8243; _builder_version=\u00bb4.24.0&#8243; _module_preset=\u00bbdefault\u00bb global_colors_info=\u00bb{}\u00bb][et_pb_image src=\u00bbhttps:\/\/tupaginalista.com\/cotizador\/wp-content\/uploads\/2024\/02\/modelo-3-min.jpg\u00bb title_text=\u00bbmodelo-3-min\u00bb align_tablet=\u00bbcenter\u00bb align_phone=\u00bbcenter\u00bb align_last_edited=\u00bbon|phone\u00bb _builder_version=\u00bb4.24.0&#8243; _module_preset=\u00bbdefault\u00bb global_colors_info=\u00bb{}\u00bb][\/et_pb_image][\/et_pb_column][\/et_pb_row][\/et_pb_section]<\/p>\n","protected":false},"excerpt":{"rendered":"<p>Vallas de Seguridad FlashLas vallas para piscinas son barreras de seguridad dise\u00f1adas para prevenir el acceso no autorizado a la piscina, especialmente por parte de ni\u00f1os peque\u00f1os. Est\u00e1n hechas de materiales como PVC, aluminio o malla, y su objetivo es evitar accidentes alrededor de la piscina. Estas vallas suelen ser desmontables y homologadas, permitiendo la [&hellip;]<\/p>\n","protected":false},"author":1,"featured_media":0,"parent":0,"menu_order":0,"comment_status":"closed","ping_status":"closed","template":"","meta":{"_et_pb_use_builder":"on","_et_pb_old_content":"","_et_gb_content_width":"","_joinchat":[],"footnotes":""},"class_list":["post-2496","page","type-page","status-publish","hentry"],"_links":{"self":[{"href":"https:\/\/tupaginalista.com\/cotizador\/wp-json\/wp\/v2\/pages\/2496","targetHints":{"allow":["GET"]}}],"collection":[{"href":"https:\/\/tupaginalista.com\/cotizador\/wp-json\/wp\/v2\/pages"}],"about":[{"href":"https:\/\/tupaginalista.com\/cotizador\/wp-json\/wp\/v2\/types\/page"}],"author":[{"embeddable":true,"href":"https:\/\/tupaginalista.com\/cotizador\/wp-json\/wp\/v2\/users\/1"}],"replies":[{"embeddable":true,"href":"https:\/\/tupaginalista.com\/cotizador\/wp-json\/wp\/v2\/comments?post=2496"}],"version-history":[{"count":3,"href":"https:\/\/tupaginalista.com\/cotizador\/wp-json\/wp\/v2\/pages\/2496\/revisions"}],"predecessor-version":[{"id":3163,"href":"https:\/\/tupaginalista.com\/cotizador\/wp-json\/wp\/v2\/pages\/2496\/revisions\/3163"}],"wp:attachment":[{"href":"https:\/\/tupaginalista.com\/cotizador\/wp-json\/wp\/v2\/media?parent=2496"}],"curies":[{"name":"wp","href":"https:\/\/api.w.org\/{rel}","templated":true}]}}