{"id":2196,"date":"2024-02-05T21:47:59","date_gmt":"2024-02-05T21:47:59","guid":{"rendered":"https:\/\/tupaginalista.com\/cotizador\/limpiafondos-electricos-copy\/"},"modified":"2024-02-06T01:30:10","modified_gmt":"2024-02-06T01:30:10","slug":"limpiafondos-manuales","status":"publish","type":"page","link":"https:\/\/tupaginalista.com\/cotizador\/limpiafondos-manuales\/","title":{"rendered":"Limpiafondos manuales"},"content":{"rendered":"<p>[et_pb_section fb_built=\u00bb1&#8243; _builder_version=\u00bb4.24.0&#8243; _module_preset=\u00bbdefault\u00bb custom_padding=\u00bb0px||0px||true|false\u00bb global_colors_info=\u00bb{}\u00bb][et_pb_row use_custom_gutter=\u00bbon\u00bb make_equal=\u00bbon\u00bb _builder_version=\u00bb4.24.0&#8243; _module_preset=\u00bbdefault\u00bb width=\u00bb90%\u00bb max_width=\u00bb90%\u00bb global_colors_info=\u00bb{}\u00bb][et_pb_column type=\u00bb4_4&#8243; _builder_version=\u00bb4.24.0&#8243; _module_preset=\u00bbdefault\u00bb global_colors_info=\u00bb{}\u00bb][et_pb_text _builder_version=\u00bb4.24.0&#8243; _dynamic_attributes=\u00bbcontent\u00bb _module_preset=\u00bbdefault\u00bb text_font=\u00bb|300|||||||\u00bb text_text_color=\u00bb#111111&#8243; text_font_size=\u00bb40px\u00bb text_line_height=\u00bb1.3em\u00bb text_font_size_tablet=\u00bb35px\u00bb text_font_size_phone=\u00bb25px\u00bb text_font_size_last_edited=\u00bbon|tablet\u00bb text_orientation_tablet=\u00bbcenter\u00bb text_orientation_phone=\u00bbcenter\u00bb text_orientation_last_edited=\u00bbon|tablet\u00bb global_colors_info=\u00bb{}\u00bb]@ET-DC@eyJkeW5hbWljIjp0cnVlLCJjb250ZW50IjoicG9zdF90aXRsZSIsInNldHRpbmdzIjp7ImJlZm9yZSI6IiIsImFmdGVyIjoiIn19@[\/et_pb_text][et_pb_text _builder_version=\u00bb4.24.0&#8243; _module_preset=\u00bbdefault\u00bb text_font=\u00bb|300|||||||\u00bb text_font_size=\u00bb20px\u00bb text_line_height=\u00bb1.6em\u00bb custom_margin=\u00bb-10px||||false|false\u00bb hover_enabled=\u00bb0&#8243; text_font_size_tablet=\u00bb20px\u00bb text_font_size_phone=\u00bb18px\u00bb text_font_size_last_edited=\u00bbon|desktop\u00bb text_orientation_tablet=\u00bbcenter\u00bb text_orientation_phone=\u00bbcenter\u00bb text_orientation_last_edited=\u00bbon|tablet\u00bb global_colors_info=\u00bb{}\u00bb sticky_enabled=\u00bb0&#8243;]<\/p>\n<p><span>Los limpiafondos manuales son herramientas que se utilizan para limpiar la suciedad y los residuos del fondo y las paredes de la piscina. Estos dispositivos se conectan a una manguera y a una toma de aspiraci\u00f3n, y su funcionamiento depende del movimiento manual del usuario. El limpiafondos manual se sumerge en la piscina y se mueve a lo largo del fondo y las paredes, recogiendo la suciedad y los residuos a medida que avanza. Los limpiafondos manuales son una opci\u00f3n econ\u00f3mica y pr\u00e1ctica para la limpieza de piscinas peque\u00f1as y medianas, y son especialmente \u00fatiles para la eliminaci\u00f3n de residuos gruesos y grandes, como hojas y ramas.<\/span><\/p>\n<p>[\/et_pb_text][\/et_pb_column][\/et_pb_row][et_pb_row use_custom_gutter=\u00bbon\u00bb make_equal=\u00bbon\u00bb _builder_version=\u00bb4.24.0&#8243; _module_preset=\u00bbdefault\u00bb width=\u00bb90%\u00bb max_width=\u00bb90%\u00bb global_colors_info=\u00bb{}\u00bb][et_pb_column type=\u00bb4_4&#8243; _builder_version=\u00bb4.24.0&#8243; _module_preset=\u00bbdefault\u00bb global_colors_info=\u00bb{}\u00bb][et_pb_shop type=\u00bbproduct_category\u00bb include_categories=\u00bb37&#8243; icon_hover_color=\u00bbrgba(0,0,0,0.13)\u00bb hover_overlay_color=\u00bbrgba(0,0,0,0.11)\u00bb hover_icon=\u00bb&#xe015;||divi||400&#8243; _builder_version=\u00bb4.24.0&#8243; _module_preset=\u00bbdefault\u00bb hover_enabled=\u00bb0&#8243; global_colors_info=\u00bb{}\u00bb sticky_enabled=\u00bb0&#8243;][\/et_pb_shop][\/et_pb_column][\/et_pb_row][et_pb_row use_custom_gutter=\u00bbon\u00bb make_equal=\u00bbon\u00bb _builder_version=\u00bb4.24.0&#8243; _module_preset=\u00bbdefault\u00bb width=\u00bb90%\u00bb max_width=\u00bb90%\u00bb global_colors_info=\u00bb{}\u00bb][et_pb_column type=\u00bb4_4&#8243; _builder_version=\u00bb4.24.0&#8243; _module_preset=\u00bbdefault\u00bb global_colors_info=\u00bb{}\u00bb][et_pb_divider color=\u00bbrgba(0,0,0,0.13)\u00bb _builder_version=\u00bb4.24.0&#8243; _module_preset=\u00bbdefault\u00bb global_colors_info=\u00bb{}\u00bb][\/et_pb_divider][et_pb_text _builder_version=\u00bb4.24.0&#8243; _module_preset=\u00bbdefault\u00bb text_font=\u00bb|300|||||||\u00bb text_text_color=\u00bb#111111&#8243; text_font_size=\u00bb40px\u00bb text_line_height=\u00bb1.3em\u00bb custom_margin=\u00bb-50px||||false|false\u00bb hover_enabled=\u00bb0&#8243; text_font_size_tablet=\u00bb35px\u00bb text_font_size_phone=\u00bb25px\u00bb text_font_size_last_edited=\u00bbon|tablet\u00bb text_orientation_tablet=\u00bbcenter\u00bb text_orientation_phone=\u00bbcenter\u00bb text_orientation_last_edited=\u00bbon|tablet\u00bb global_colors_info=\u00bb{}\u00bb sticky_enabled=\u00bb0&#8243;]<\/p>\n<p><span>Sus ventajas<\/span><\/p>\n<p>[\/et_pb_text][et_pb_text _builder_version=\u00bb4.24.0&#8243; _module_preset=\u00bbdefault\u00bb text_font=\u00bb|300|||||||\u00bb text_font_size=\u00bb20px\u00bb text_line_height=\u00bb1.6em\u00bb hover_enabled=\u00bb0&#8243; text_font_size_tablet=\u00bb20px\u00bb text_font_size_phone=\u00bb18px\u00bb text_font_size_last_edited=\u00bbon|desktop\u00bb text_orientation_tablet=\u00bbcenter\u00bb text_orientation_phone=\u00bbcenter\u00bb text_orientation_last_edited=\u00bbon|tablet\u00bb global_colors_info=\u00bb{}\u00bb sticky_enabled=\u00bb0&#8243;]<\/p>\n<ol class=\"list-outside list-decimal marker:font-mono marker:text-sm pl-11\">\n<li><span class=\"\"><strong>Econ\u00f3micos<\/strong>: Son una opci\u00f3n econ\u00f3mica en comparaci\u00f3n con otros tipos de limpiafondos, lo que los hace accesibles para los propietarios de piscinas con presupuestos ajustados<\/span><span class=\"\"><span class=\"whitespace-nowrap\">.<\/span><\/span><span class=\"\"><\/span><\/li>\n<li><span class=\"\"><\/span><span class=\"\"><strong>F\u00e1ciles de usar<\/strong>: Su dise\u00f1o sencillo de aspiraci\u00f3n los hace f\u00e1ciles de usar y no requieren de una instalaci\u00f3n compleja<\/span><span class=\"\"><span class=\"whitespace-nowrap\">.<\/span><\/span><span class=\"\"><\/span><\/li>\n<li><span class=\"\"><\/span><span class=\"\"><strong>Control directo<\/strong>: Permiten al usuario tener un control directo sobre el proceso de limpieza, lo que les brinda la posibilidad de enfocarse en \u00e1reas espec\u00edficas que requieran una limpieza m\u00e1s detallada<\/span><span class=\"\"><span class=\"whitespace-nowrap\">.<\/span><\/span><span class=\"\"><\/span><\/li>\n<li><span class=\"\"><\/span><span class=\"\"><strong>No dependen de la red el\u00e9ctrica<\/strong>: Al no depender de la electricidad, los limpiafondos manuales son una opci\u00f3n segura y vers\u00e1til para la limpieza de la piscina<\/span><span class=\"\"><span class=\"whitespace-nowrap\">.<\/span><\/span><span class=\"\"><\/span><\/li>\n<\/ol>\n<p><span class=\"\">En resumen, los limpiafondos manuales son una opci\u00f3n econ\u00f3mica, f\u00e1cil de usar y que brinda un control directo al usuario durante el proceso de limpieza de la piscina.<\/span><\/p>\n<p>[\/et_pb_text][et_pb_divider color=\u00bbrgba(0,0,0,0.13)\u00bb _builder_version=\u00bb4.24.0&#8243; _module_preset=\u00bbdefault\u00bb global_colors_info=\u00bb{}\u00bb][\/et_pb_divider][\/et_pb_column][\/et_pb_row][\/et_pb_section]<\/p>\n","protected":false},"excerpt":{"rendered":"<p>Los limpiafondos manuales son herramientas que se utilizan para limpiar la suciedad y los residuos del fondo y las paredes de la piscina. Estos dispositivos se conectan a una manguera y a una toma de aspiraci\u00f3n, y su funcionamiento depende del movimiento manual del usuario. El limpiafondos manual se sumerge en la piscina y se [&hellip;]<\/p>\n","protected":false},"author":1,"featured_media":0,"parent":0,"menu_order":0,"comment_status":"closed","ping_status":"closed","template":"","meta":{"_et_pb_use_builder":"on","_et_pb_old_content":"","_et_gb_content_width":"","_joinchat":[],"footnotes":""},"class_list":["post-2196","page","type-page","status-publish","hentry"],"_links":{"self":[{"href":"https:\/\/tupaginalista.com\/cotizador\/wp-json\/wp\/v2\/pages\/2196","targetHints":{"allow":["GET"]}}],"collection":[{"href":"https:\/\/tupaginalista.com\/cotizador\/wp-json\/wp\/v2\/pages"}],"about":[{"href":"https:\/\/tupaginalista.com\/cotizador\/wp-json\/wp\/v2\/types\/page"}],"author":[{"embeddable":true,"href":"https:\/\/tupaginalista.com\/cotizador\/wp-json\/wp\/v2\/users\/1"}],"replies":[{"embeddable":true,"href":"https:\/\/tupaginalista.com\/cotizador\/wp-json\/wp\/v2\/comments?post=2196"}],"version-history":[{"count":8,"href":"https:\/\/tupaginalista.com\/cotizador\/wp-json\/wp\/v2\/pages\/2196\/revisions"}],"predecessor-version":[{"id":2255,"href":"https:\/\/tupaginalista.com\/cotizador\/wp-json\/wp\/v2\/pages\/2196\/revisions\/2255"}],"wp:attachment":[{"href":"https:\/\/tupaginalista.com\/cotizador\/wp-json\/wp\/v2\/media?parent=2196"}],"curies":[{"name":"wp","href":"https:\/\/api.w.org\/{rel}","templated":true}]}}