{"id":2145,"date":"2024-02-05T17:01:59","date_gmt":"2024-02-05T17:01:59","guid":{"rendered":"https:\/\/tupaginalista.com\/cotizador\/calentadores-copy\/"},"modified":"2024-02-05T18:54:12","modified_gmt":"2024-02-05T18:54:12","slug":"limpiafondos-electricos","status":"publish","type":"page","link":"https:\/\/tupaginalista.com\/cotizador\/limpiafondos-electricos\/","title":{"rendered":"Limpiafondos el\u00e9ctricos"},"content":{"rendered":"<p>[et_pb_section fb_built=\u00bb1&#8243; _builder_version=\u00bb4.24.0&#8243; _module_preset=\u00bbdefault\u00bb custom_padding=\u00bb0px||0px||true|false\u00bb global_colors_info=\u00bb{}\u00bb][et_pb_row use_custom_gutter=\u00bbon\u00bb make_equal=\u00bbon\u00bb _builder_version=\u00bb4.24.0&#8243; _module_preset=\u00bbdefault\u00bb width=\u00bb90%\u00bb max_width=\u00bb90%\u00bb global_colors_info=\u00bb{}\u00bb][et_pb_column type=\u00bb4_4&#8243; _builder_version=\u00bb4.24.0&#8243; _module_preset=\u00bbdefault\u00bb global_colors_info=\u00bb{}\u00bb][et_pb_text _builder_version=\u00bb4.24.0&#8243; _dynamic_attributes=\u00bbcontent\u00bb _module_preset=\u00bbdefault\u00bb text_font=\u00bb|300|||||||\u00bb text_text_color=\u00bb#111111&#8243; text_font_size=\u00bb40px\u00bb text_line_height=\u00bb1.3em\u00bb text_font_size_tablet=\u00bb35px\u00bb text_font_size_phone=\u00bb25px\u00bb text_font_size_last_edited=\u00bbon|tablet\u00bb text_orientation_tablet=\u00bbcenter\u00bb text_orientation_phone=\u00bbcenter\u00bb text_orientation_last_edited=\u00bbon|tablet\u00bb global_colors_info=\u00bb{}\u00bb]@ET-DC@eyJkeW5hbWljIjp0cnVlLCJjb250ZW50IjoicG9zdF90aXRsZSIsInNldHRpbmdzIjp7ImJlZm9yZSI6IiIsImFmdGVyIjoiIn19@[\/et_pb_text][et_pb_text _builder_version=\u00bb4.24.0&#8243; _module_preset=\u00bbdefault\u00bb text_font=\u00bb|300|||||||\u00bb text_font_size=\u00bb20px\u00bb text_line_height=\u00bb1.6em\u00bb custom_margin=\u00bb-10px||||false|false\u00bb text_font_size_tablet=\u00bb20px\u00bb text_font_size_phone=\u00bb18px\u00bb text_font_size_last_edited=\u00bbon|desktop\u00bb text_orientation_tablet=\u00bbcenter\u00bb text_orientation_phone=\u00bbcenter\u00bb text_orientation_last_edited=\u00bbon|tablet\u00bb global_colors_info=\u00bb{}\u00bb]<\/p>\n<p><span>Los limpiafondos el\u00e9ctricos para piscinas se utilizan para automatizar la limpieza del vaso de la piscina. Estos dispositivos son capaces de limpiar fondos, subir escaleras y paredes, proporcionando una limpieza completa de todas las superficies de la piscina, incluyendo el fondo, las paredes y la l\u00ednea de flotaci\u00f3n. Son completamente silenciosos, autom\u00e1ticos y eficaces, lo que permite despreocuparse de la limpieza de la piscina. Algunos modelos incluso ofrecen control a trav\u00e9s de aplicaciones para smartphone, ciclos de limpieza programables y cestas de f\u00e1cil acceso y limpieza para la retenci\u00f3n de suciedad gruesa, fina y ultrafina.<\/span><\/p>\n<p>[\/et_pb_text][\/et_pb_column][\/et_pb_row][et_pb_row use_custom_gutter=\u00bbon\u00bb make_equal=\u00bbon\u00bb _builder_version=\u00bb4.24.0&#8243; _module_preset=\u00bbdefault\u00bb width=\u00bb90%\u00bb max_width=\u00bb90%\u00bb global_colors_info=\u00bb{}\u00bb][et_pb_column type=\u00bb4_4&#8243; _builder_version=\u00bb4.24.0&#8243; _module_preset=\u00bbdefault\u00bb global_colors_info=\u00bb{}\u00bb][et_pb_shop type=\u00bbproduct_category\u00bb include_categories=\u00bb35&#8243; _builder_version=\u00bb4.24.0&#8243; _module_preset=\u00bbdefault\u00bb hover_enabled=\u00bb0&#8243; global_colors_info=\u00bb{}\u00bb icon_hover_color=\u00bbrgba(0,0,0,0.13)\u00bb sticky_enabled=\u00bb0&#8243; hover_overlay_color=\u00bbrgba(0,0,0,0.11)\u00bb hover_icon=\u00bb&#xe015;||divi||400&#8243;][\/et_pb_shop][\/et_pb_column][\/et_pb_row][et_pb_row use_custom_gutter=\u00bbon\u00bb make_equal=\u00bbon\u00bb _builder_version=\u00bb4.24.0&#8243; _module_preset=\u00bbdefault\u00bb width=\u00bb90%\u00bb max_width=\u00bb90%\u00bb global_colors_info=\u00bb{}\u00bb][et_pb_column type=\u00bb4_4&#8243; _builder_version=\u00bb4.24.0&#8243; _module_preset=\u00bbdefault\u00bb global_colors_info=\u00bb{}\u00bb][et_pb_divider color=\u00bbrgba(0,0,0,0.13)\u00bb _builder_version=\u00bb4.24.0&#8243; _module_preset=\u00bbdefault\u00bb global_colors_info=\u00bb{}\u00bb][\/et_pb_divider][et_pb_text _builder_version=\u00bb4.24.0&#8243; _module_preset=\u00bbdefault\u00bb text_font=\u00bb|300|||||||\u00bb text_text_color=\u00bb#111111&#8243; text_font_size=\u00bb40px\u00bb text_line_height=\u00bb1.3em\u00bb custom_margin=\u00bb-50px||||false|false\u00bb text_font_size_tablet=\u00bb35px\u00bb text_font_size_phone=\u00bb25px\u00bb text_font_size_last_edited=\u00bbon|tablet\u00bb text_orientation_tablet=\u00bbcenter\u00bb text_orientation_phone=\u00bbcenter\u00bb text_orientation_last_edited=\u00bbon|tablet\u00bb global_colors_info=\u00bb{}\u00bb]<\/p>\n<p><span>\u00bfC\u00f3mo funcionan?<\/span><\/p>\n<p>[\/et_pb_text][et_pb_text _builder_version=\u00bb4.24.0&#8243; _module_preset=\u00bbdefault\u00bb text_font=\u00bb|300|||||||\u00bb text_font_size=\u00bb20px\u00bb text_line_height=\u00bb1.6em\u00bb text_font_size_tablet=\u00bb20px\u00bb text_font_size_phone=\u00bb18px\u00bb text_font_size_last_edited=\u00bbon|desktop\u00bb text_orientation_tablet=\u00bbcenter\u00bb text_orientation_phone=\u00bbcenter\u00bb text_orientation_last_edited=\u00bbon|tablet\u00bb global_colors_info=\u00bb{}\u00bb]<\/p>\n<ol class=\"list-outside list-decimal marker:font-mono marker:text-sm pl-11\">\n<li><span class=\"\">Conexi\u00f3n a la red el\u00e9ctrica: Estos dispositivos se conectan a la red el\u00e9ctrica a trav\u00e9s de un transformador que suministra corriente de baja tensi\u00f3n<\/span><span class=\"\"><span class=\"whitespace-nowrap\">.<\/span><\/span><span class=\"\"><\/span><\/li>\n<li><span class=\"\"><\/span><span class=\"\">Automatizaci\u00f3n de la limpieza: Una vez conectados, los limpiafondos el\u00e9ctricos realizan la limpieza de forma completamente aut\u00f3noma, sin necesidad de supervisi\u00f3n humana<\/span><span class=\"\"><span class=\"whitespace-nowrap\">.<\/span><\/span><span class=\"\"><\/span><\/li>\n<li><span class=\"\"><\/span><span class=\"\">Limpieza completa: Estos robots son capaces de limpiar el fondo, las paredes y la l\u00ednea de flotaci\u00f3n de la piscina, proporcionando una limpieza integral de todas las superficies<\/span><span class=\"\"><span class=\"whitespace-nowrap\">.<\/span><\/span><span class=\"\"><\/span><\/li>\n<li><span class=\"\"><\/span><span class=\"\">Ciclos de limpieza programables: Algunos modelos ofrecen la posibilidad de programar ciclos de limpieza, control a trav\u00e9s de aplicaciones para smartphone y cestas de f\u00e1cil acceso y limpieza para retener la suciedad<\/span><span class=\"\"><span class=\"whitespace-nowrap\">.<\/span><\/span><span class=\"\"><\/span><\/li>\n<\/ol>\n<p><span class=\"\">En resumen, los limpiafondos el\u00e9ctricos para piscinas funcionan de manera aut\u00f3noma, realizando una limpieza completa de todas las superficies de la piscina, lo que permite mantener el vaso de la piscina limpio sin esfuerzo por parte del usuario.<\/span><\/p>\n<p>[\/et_pb_text][et_pb_divider color=\u00bbrgba(0,0,0,0.13)\u00bb _builder_version=\u00bb4.24.0&#8243; _module_preset=\u00bbdefault\u00bb global_colors_info=\u00bb{}\u00bb][\/et_pb_divider][\/et_pb_column][\/et_pb_row][\/et_pb_section]<\/p>\n","protected":false},"excerpt":{"rendered":"<p>Los limpiafondos el\u00e9ctricos para piscinas se utilizan para automatizar la limpieza del vaso de la piscina. Estos dispositivos son capaces de limpiar fondos, subir escaleras y paredes, proporcionando una limpieza completa de todas las superficies de la piscina, incluyendo el fondo, las paredes y la l\u00ednea de flotaci\u00f3n. Son completamente silenciosos, autom\u00e1ticos y eficaces, lo [&hellip;]<\/p>\n","protected":false},"author":1,"featured_media":0,"parent":0,"menu_order":0,"comment_status":"closed","ping_status":"closed","template":"","meta":{"_et_pb_use_builder":"on","_et_pb_old_content":"","_et_gb_content_width":"","_joinchat":[],"footnotes":""},"class_list":["post-2145","page","type-page","status-publish","hentry"],"_links":{"self":[{"href":"https:\/\/tupaginalista.com\/cotizador\/wp-json\/wp\/v2\/pages\/2145","targetHints":{"allow":["GET"]}}],"collection":[{"href":"https:\/\/tupaginalista.com\/cotizador\/wp-json\/wp\/v2\/pages"}],"about":[{"href":"https:\/\/tupaginalista.com\/cotizador\/wp-json\/wp\/v2\/types\/page"}],"author":[{"embeddable":true,"href":"https:\/\/tupaginalista.com\/cotizador\/wp-json\/wp\/v2\/users\/1"}],"replies":[{"embeddable":true,"href":"https:\/\/tupaginalista.com\/cotizador\/wp-json\/wp\/v2\/comments?post=2145"}],"version-history":[{"count":7,"href":"https:\/\/tupaginalista.com\/cotizador\/wp-json\/wp\/v2\/pages\/2145\/revisions"}],"predecessor-version":[{"id":2194,"href":"https:\/\/tupaginalista.com\/cotizador\/wp-json\/wp\/v2\/pages\/2145\/revisions\/2194"}],"wp:attachment":[{"href":"https:\/\/tupaginalista.com\/cotizador\/wp-json\/wp\/v2\/media?parent=2145"}],"curies":[{"name":"wp","href":"https:\/\/api.w.org\/{rel}","templated":true}]}}