{"id":2012,"date":"2024-01-31T04:29:38","date_gmt":"2024-01-31T04:29:38","guid":{"rendered":"https:\/\/tupaginalista.com\/cotizador\/piscinas-de-plastico-copy\/"},"modified":"2024-01-31T04:35:41","modified_gmt":"2024-01-31T04:35:41","slug":"piscinas-enterradas","status":"publish","type":"page","link":"https:\/\/tupaginalista.com\/cotizador\/piscinas-enterradas\/","title":{"rendered":"Piscinas Enterradas"},"content":{"rendered":"<p>[et_pb_section fb_built=\u00bb1&#8243; _builder_version=\u00bb4.24.0&#8243; _module_preset=\u00bbdefault\u00bb custom_padding=\u00bb0px||0px||true|false\u00bb global_colors_info=\u00bb{}\u00bb][et_pb_row use_custom_gutter=\u00bbon\u00bb make_equal=\u00bbon\u00bb _builder_version=\u00bb4.24.0&#8243; _module_preset=\u00bbdefault\u00bb width=\u00bb90%\u00bb max_width=\u00bb90%\u00bb global_colors_info=\u00bb{}\u00bb][et_pb_column type=\u00bb4_4&#8243; _builder_version=\u00bb4.24.0&#8243; _module_preset=\u00bbdefault\u00bb global_colors_info=\u00bb{}\u00bb][et_pb_text _builder_version=\u00bb4.24.0&#8243; _dynamic_attributes=\u00bbcontent\u00bb _module_preset=\u00bbdefault\u00bb text_font=\u00bb|300|||||||\u00bb text_text_color=\u00bb#111111&#8243; text_font_size=\u00bb40px\u00bb text_line_height=\u00bb1.3em\u00bb text_font_size_tablet=\u00bb35px\u00bb text_font_size_phone=\u00bb25px\u00bb text_font_size_last_edited=\u00bbon|tablet\u00bb text_orientation_tablet=\u00bbcenter\u00bb text_orientation_phone=\u00bbcenter\u00bb text_orientation_last_edited=\u00bbon|tablet\u00bb global_colors_info=\u00bb{}\u00bb]@ET-DC@eyJkeW5hbWljIjp0cnVlLCJjb250ZW50IjoicG9zdF90aXRsZSIsInNldHRpbmdzIjp7ImJlZm9yZSI6IiIsImFmdGVyIjoiIn19@[\/et_pb_text][et_pb_text _builder_version=\u00bb4.24.0&#8243; _module_preset=\u00bbdefault\u00bb text_font=\u00bb|300|||||||\u00bb text_font_size=\u00bb20px\u00bb text_line_height=\u00bb1.6em\u00bb custom_margin=\u00bb-10px||||false|false\u00bb hover_enabled=\u00bb0&#8243; text_font_size_tablet=\u00bb20px\u00bb text_font_size_phone=\u00bb18px\u00bb text_font_size_last_edited=\u00bbon|desktop\u00bb text_orientation_tablet=\u00bbcenter\u00bb text_orientation_phone=\u00bbcenter\u00bb text_orientation_last_edited=\u00bbon|tablet\u00bb global_colors_info=\u00bb{}\u00bb sticky_enabled=\u00bb0&#8243;]<\/p>\n<p>Las piscinas enterradas son una opci\u00f3n de piscina que se construye bajo tierra, lo que las hace m\u00e1s est\u00e9ticas y discreetas que las piscinas elevadas. Aqu\u00ed hay una descripci\u00f3n general de c\u00f3mo se construyen las piscinas enterradas: Estudio del terreno: Antes de comenzar la construcci\u00f3n, es importante realizar un estudio del terreno para determinar las caracter\u00edsticas del suelo y las posibles dificultades en la excavaci\u00f3n. Excavaci\u00f3n: Se excava el hueco donde se instalar\u00e1 la piscina, lo que puede incluir la eliminaci\u00f3n de rocas, tierra y otros materiales.<\/p>\n<p>[\/et_pb_text][\/et_pb_column][\/et_pb_row][et_pb_row use_custom_gutter=\u00bbon\u00bb gutter_width=\u00bb2&#8243; make_equal=\u00bbon\u00bb custom_padding_last_edited=\u00bbon|phone\u00bb _builder_version=\u00bb4.24.0&#8243; _module_preset=\u00bbdefault\u00bb width=\u00bb90%\u00bb max_width=\u00bb90%\u00bb custom_margin=\u00bb||||false|false\u00bb custom_margin_tablet=\u00bb-50px||||false|false\u00bb custom_margin_phone=\u00bb-50px||||false|false\u00bb custom_margin_last_edited=\u00bbon|tablet\u00bb custom_padding_tablet=\u00bb\u00bb custom_padding_phone=\u00bb0px||0px||true|false\u00bb global_colors_info=\u00bb{}\u00bb][et_pb_column type=\u00bb4_4&#8243; _builder_version=\u00bb4.24.0&#8243; _module_preset=\u00bbdefault\u00bb global_colors_info=\u00bb{}\u00bb][et_pb_shop type=\u00bbproduct_category\u00bb include_categories=\u00bb31&#8243; icon_hover_color=\u00bbrgba(0,0,0,0.1)\u00bb hover_overlay_color=\u00bbrgba(0,0,0,0.1)\u00bb hover_icon=\u00bb&#xe015;||divi||400&#8243; _builder_version=\u00bb4.24.0&#8243; _module_preset=\u00bbdefault\u00bb hover_enabled=\u00bb0&#8243; global_colors_info=\u00bb{}\u00bb sticky_enabled=\u00bb0&#8243;][\/et_pb_shop][\/et_pb_column][\/et_pb_row][et_pb_row use_custom_gutter=\u00bbon\u00bb make_equal=\u00bbon\u00bb _builder_version=\u00bb4.24.0&#8243; _module_preset=\u00bbdefault\u00bb width=\u00bb90%\u00bb max_width=\u00bb90%\u00bb global_colors_info=\u00bb{}\u00bb][et_pb_column type=\u00bb4_4&#8243; _builder_version=\u00bb4.24.0&#8243; _module_preset=\u00bbdefault\u00bb global_colors_info=\u00bb{}\u00bb][et_pb_divider color=\u00bbrgba(0,0,0,0.13)\u00bb _builder_version=\u00bb4.24.0&#8243; _module_preset=\u00bbdefault\u00bb global_colors_info=\u00bb{}\u00bb][\/et_pb_divider][et_pb_text _builder_version=\u00bb4.24.0&#8243; _module_preset=\u00bbdefault\u00bb text_font=\u00bb|300|||||||\u00bb text_text_color=\u00bb#111111&#8243; text_font_size=\u00bb40px\u00bb text_line_height=\u00bb1.3em\u00bb custom_margin=\u00bb-50px||||false|false\u00bb hover_enabled=\u00bb0&#8243; text_font_size_tablet=\u00bb35px\u00bb text_font_size_phone=\u00bb25px\u00bb text_font_size_last_edited=\u00bbon|tablet\u00bb text_orientation_tablet=\u00bbcenter\u00bb text_orientation_phone=\u00bbcenter\u00bb text_orientation_last_edited=\u00bbon|tablet\u00bb global_colors_info=\u00bb{}\u00bb sticky_enabled=\u00bb0&#8243;]<\/p>\n<p><span>Beneficios de tener Piscinas enterradas<\/span><\/p>\n<p>[\/et_pb_text][et_pb_text _builder_version=\u00bb4.24.0&#8243; _module_preset=\u00bbdefault\u00bb text_font=\u00bb|300|||||||\u00bb text_font_size=\u00bb20px\u00bb text_line_height=\u00bb1.6em\u00bb hover_enabled=\u00bb0&#8243; text_font_size_tablet=\u00bb20px\u00bb text_font_size_phone=\u00bb18px\u00bb text_font_size_last_edited=\u00bbon|desktop\u00bb text_orientation_tablet=\u00bbcenter\u00bb text_orientation_phone=\u00bbcenter\u00bb text_orientation_last_edited=\u00bbon|tablet\u00bb global_colors_info=\u00bb{}\u00bb sticky_enabled=\u00bb0&#8243;]<\/p>\n<ol class=\"list-outside list-decimal marker:font-mono marker:text-sm pl-11\">\n<li><span class=\"\"><strong>Valor a\u00f1adido a la propiedad<\/strong>: Tener una piscina enterrada puede aumentar el valor de la propiedad en un 20%, adem\u00e1s de facilitar su alquiler y venta<\/span><span class=\"\"><span class=\"whitespace-nowrap\">.<\/span><\/span><span class=\"\"><\/span><\/li>\n<li><span class=\"\"><\/span><span class=\"\"><strong>Ocio y entretenimiento<\/strong>: Las piscinas enterradas proporcionan un lugar de ocio y relajaci\u00f3n para toda la familia, as\u00ed como un espacio para realizar actividades f\u00edsicas y sociales<\/span><span class=\"\"><span class=\"whitespace-nowrap\">.<\/span><\/span><span class=\"\"><\/span><\/li>\n<li><span class=\"\"><\/span><span class=\"\"><strong>Est\u00e9tica y durabilidad<\/strong>: Estas piscinas suelen ser m\u00e1s duraderas y est\u00e9ticamente m\u00e1s refinadas, lo que las convierte en una adici\u00f3n atractiva al hogar<\/span><span class=\"\"><span class=\"whitespace-nowrap\">.<\/span><\/span><span class=\"\"><\/span><\/li>\n<li><span class=\"\"><\/span><span class=\"\"><strong>Disponibilidad y comodidad<\/strong>: Al tener una piscina en casa, se elimina la necesidad de cumplir horarios, compartir el espacio con desconocidos y se cuenta con un lugar de entretenimiento privado y seguro<\/span><span class=\"\"><span class=\"whitespace-nowrap\">.<\/span><\/span><span class=\"\"><\/span><\/li>\n<\/ol>\n<p><span class=\"\">En resumen, tener una piscina enterrada ofrece ventajas en t\u00e9rminos de valoraci\u00f3n de la propiedad, entretenimiento, est\u00e9tica, durabilidad, disponibilidad y comodidad.<\/span><\/p>\n<p>[\/et_pb_text][et_pb_divider color=\u00bbrgba(0,0,0,0.13)\u00bb _builder_version=\u00bb4.24.0&#8243; _module_preset=\u00bbdefault\u00bb global_colors_info=\u00bb{}\u00bb][\/et_pb_divider][\/et_pb_column][\/et_pb_row][\/et_pb_section]<\/p>\n","protected":false},"excerpt":{"rendered":"<p>Las piscinas enterradas son una opci\u00f3n de piscina que se construye bajo tierra, lo que las hace m\u00e1s est\u00e9ticas y discreetas que las piscinas elevadas. Aqu\u00ed hay una descripci\u00f3n general de c\u00f3mo se construyen las piscinas enterradas: Estudio del terreno: Antes de comenzar la construcci\u00f3n, es importante realizar un estudio del terreno para determinar las [&hellip;]<\/p>\n","protected":false},"author":1,"featured_media":0,"parent":0,"menu_order":0,"comment_status":"closed","ping_status":"closed","template":"","meta":{"_et_pb_use_builder":"on","_et_pb_old_content":"","_et_gb_content_width":"","_joinchat":[],"footnotes":""},"class_list":["post-2012","page","type-page","status-publish","hentry"],"_links":{"self":[{"href":"https:\/\/tupaginalista.com\/cotizador\/wp-json\/wp\/v2\/pages\/2012","targetHints":{"allow":["GET"]}}],"collection":[{"href":"https:\/\/tupaginalista.com\/cotizador\/wp-json\/wp\/v2\/pages"}],"about":[{"href":"https:\/\/tupaginalista.com\/cotizador\/wp-json\/wp\/v2\/types\/page"}],"author":[{"embeddable":true,"href":"https:\/\/tupaginalista.com\/cotizador\/wp-json\/wp\/v2\/users\/1"}],"replies":[{"embeddable":true,"href":"https:\/\/tupaginalista.com\/cotizador\/wp-json\/wp\/v2\/comments?post=2012"}],"version-history":[{"count":2,"href":"https:\/\/tupaginalista.com\/cotizador\/wp-json\/wp\/v2\/pages\/2012\/revisions"}],"predecessor-version":[{"id":2014,"href":"https:\/\/tupaginalista.com\/cotizador\/wp-json\/wp\/v2\/pages\/2012\/revisions\/2014"}],"wp:attachment":[{"href":"https:\/\/tupaginalista.com\/cotizador\/wp-json\/wp\/v2\/media?parent=2012"}],"curies":[{"name":"wp","href":"https:\/\/api.w.org\/{rel}","templated":true}]}}